{"id":1175303,"date":"2022-09-29T13:07:23","date_gmt":"2022-09-29T13:07:23","guid":{"rendered":"https:\/\/universeproduction.eu\/product\/inspire-v-t-men_\/"},"modified":"2022-09-29T13:07:23","modified_gmt":"2022-09-29T13:07:23","slug":"inspire-v-t-men_","status":"publish","type":"product","link":"https:\/\/universeproduction.com\/de\/produkt\/inspire-v-t-men_\/","title":{"rendered":"Inspire V T \/Men_\u00b0"},"content":{"rendered":"<p>100% gek\u00e4mmte, ringgesponnene Bio-Baumwolle | Seitenn\u00e4hte sorgen f\u00fcr eine optimale Passform | Medium Fit | Schmaler, mitteltiefer V-Ausschnitt aus Ripp-Strick f\u00fcr eine moderne, aktuelle Optik | Kragen- und Schultern\u00e4hte sind mit einem weichen Kantenband verst\u00e4rkt | Neutrales Gr\u00f6\u00dfenlabel ohne Branding | B&amp;C Collection ist Mitglied der Fair Wear Foundation<\/p>\n","protected":false},"excerpt":{"rendered":"<p>100% gek\u00e4mmte, ringgesponnene Bio-Baumwolle | Seitenn\u00e4hte sorgen f\u00fcr eine optimale Passform | Medium Fit | Schmaler, mitteltiefer V-Ausschnitt aus Ripp-Strick f\u00fcr eine moderne, aktuelle Optik | Kragen- und Schultern\u00e4hte sind mit einem weichen Kantenband verst\u00e4rkt | Neutrales Gr\u00f6\u00dfenlabel ohne Branding | B&amp;C Collection ist Mitglied der Fair Wear Foundation<\/p>\n","protected":false},"featured_media":781974,"template":"","meta":[],"product_cat":[99838,99853,99852],"product_tag":[],"_links":{"self":[{"href":"https:\/\/universeproduction.com\/de\/wp-json\/wp\/v2\/product\/1175303"}],"collection":[{"href":"https:\/\/universeproduction.com\/de\/wp-json\/wp\/v2\/product"}],"about":[{"href":"https:\/\/universeproduction.com\/de\/wp-json\/wp\/v2\/types\/product"}],"wp:featuredmedia":[{"embeddable":true,"href":"https:\/\/universeproduction.com\/de\/wp-json\/wp\/v2\/media\/781974"}],"wp:attachment":[{"href":"https:\/\/universeproduction.com\/de\/wp-json\/wp\/v2\/media?parent=1175303"}],"wp:term":[{"taxonomy":"product_cat","embeddable":true,"href":"https:\/\/universeproduction.com\/de\/wp-json\/wp\/v2\/product_cat?post=1175303"},{"taxonomy":"product_tag","embeddable":true,"href":"https:\/\/universeproduction.com\/de\/wp-json\/wp\/v2\/product_tag?post=1175303"}],"curies":[{"name":"wp","href":"https:\/\/api.w.org\/{rel}","templated":true}]}}