{"id":1175191,"date":"2022-09-29T13:06:07","date_gmt":"2022-09-29T13:06:07","guid":{"rendered":"https:\/\/universeproduction.eu\/product\/ben-v-neck\/"},"modified":"2022-09-29T13:06:07","modified_gmt":"2022-09-29T13:06:07","slug":"ben-v-neck","status":"publish","type":"product","link":"https:\/\/universeproduction.com\/de\/produkt\/ben-v-neck\/","title":{"rendered":"Ben V-Neck"},"content":{"rendered":"<p>Ringgesponnene Baumwolle | Eingefasster Ripp-Kragen | Kleines Gr\u00f6\u00dfenetikett im Nacken | Pflegeetikett in der Seitennaht | Seitenn\u00e4hte | Waschbar bis 40 \u00b0C | Normal Fit<\/p>\n","protected":false},"excerpt":{"rendered":"<p>Ringgesponnene Baumwolle | Eingefasster Ripp-Kragen | Kleines Gr\u00f6\u00dfenetikett im Nacken | Pflegeetikett in der Seitennaht | Seitenn\u00e4hte | Waschbar bis 40 \u00b0C | Normal Fit<\/p>\n","protected":false},"featured_media":1139820,"template":"","meta":[],"product_cat":[99838,99852],"product_tag":[],"_links":{"self":[{"href":"https:\/\/universeproduction.com\/de\/wp-json\/wp\/v2\/product\/1175191"}],"collection":[{"href":"https:\/\/universeproduction.com\/de\/wp-json\/wp\/v2\/product"}],"about":[{"href":"https:\/\/universeproduction.com\/de\/wp-json\/wp\/v2\/types\/product"}],"wp:featuredmedia":[{"embeddable":true,"href":"https:\/\/universeproduction.com\/de\/wp-json\/wp\/v2\/media\/1139820"}],"wp:attachment":[{"href":"https:\/\/universeproduction.com\/de\/wp-json\/wp\/v2\/media?parent=1175191"}],"wp:term":[{"taxonomy":"product_cat","embeddable":true,"href":"https:\/\/universeproduction.com\/de\/wp-json\/wp\/v2\/product_cat?post=1175191"},{"taxonomy":"product_tag","embeddable":true,"href":"https:\/\/universeproduction.com\/de\/wp-json\/wp\/v2\/product_tag?post=1175191"}],"curies":[{"name":"wp","href":"https:\/\/api.w.org\/{rel}","templated":true}]}}