{"id":1174926,"date":"2022-09-29T13:02:22","date_gmt":"2022-09-29T13:02:22","guid":{"rendered":"https:\/\/universeproduction.eu\/product\/iconic-150-v-neck-t\/"},"modified":"2022-09-29T13:02:22","modified_gmt":"2022-09-29T13:02:22","slug":"iconic-150-v-neck-t","status":"publish","type":"product","link":"https:\/\/universeproduction.com\/de\/produkt\/iconic-150-v-neck-t\/","title":{"rendered":"Iconic 150 V Neck T"},"content":{"rendered":"<p>Gek\u00e4mmte, ringgesponnene Baumwolle | Weiches Handgef\u00fchl | Schlanke, modische Passform | Schmaler V-Ausschnitt mit 1&#215;1 Ripp | Eigenmaterial-Nackenband | Neues Abrei\u00dfetikett am Nacken<\/p>\n","protected":false},"excerpt":{"rendered":"<p>Gek\u00e4mmte, ringgesponnene Baumwolle | Weiches Handgef\u00fchl | Schlanke, modische Passform | Schmaler V-Ausschnitt mit 1&#215;1 Ripp | Eigenmaterial-Nackenband | Neues Abrei\u00dfetikett am Nacken<\/p>\n","protected":false},"featured_media":1225111,"template":"","meta":[],"product_cat":[99838,99853,99852],"product_tag":[],"_links":{"self":[{"href":"https:\/\/universeproduction.com\/de\/wp-json\/wp\/v2\/product\/1174926"}],"collection":[{"href":"https:\/\/universeproduction.com\/de\/wp-json\/wp\/v2\/product"}],"about":[{"href":"https:\/\/universeproduction.com\/de\/wp-json\/wp\/v2\/types\/product"}],"wp:featuredmedia":[{"embeddable":true,"href":"https:\/\/universeproduction.com\/de\/wp-json\/wp\/v2\/media\/1225111"}],"wp:attachment":[{"href":"https:\/\/universeproduction.com\/de\/wp-json\/wp\/v2\/media?parent=1174926"}],"wp:term":[{"taxonomy":"product_cat","embeddable":true,"href":"https:\/\/universeproduction.com\/de\/wp-json\/wp\/v2\/product_cat?post=1174926"},{"taxonomy":"product_tag","embeddable":true,"href":"https:\/\/universeproduction.com\/de\/wp-json\/wp\/v2\/product_tag?post=1174926"}],"curies":[{"name":"wp","href":"https:\/\/api.w.org\/{rel}","templated":true}]}}