{"id":1174866,"date":"2022-09-29T13:00:43","date_gmt":"2022-09-29T13:00:43","guid":{"rendered":"https:\/\/universeproduction.eu\/product\/david-oversized-crew-neck\/"},"modified":"2022-09-29T13:00:43","modified_gmt":"2022-09-29T13:00:43","slug":"david-oversized-crew-neck","status":"publish","type":"product","link":"https:\/\/universeproduction.com\/de\/produkt\/david-oversized-crew-neck\/","title":{"rendered":"David Oversized Crew Neck"},"content":{"rendered":"<p>Meliertes Single-Jersey | Kragen mit offener Kante und schmalem aufgen\u00e4htem Band | L\u00e4ssiger Halsausschnitt | Weiches, leichtes und umschmeichelndes Material mit Viskose | Kleines Gr\u00f6\u00dfenetikett und Pflegeetikett in der Seitennaht | Seitenn\u00e4hte | Oversized Fashion Fit<\/p>\n","protected":false},"excerpt":{"rendered":"<p>Meliertes Single-Jersey | Kragen mit offener Kante und schmalem aufgen\u00e4htem Band | L\u00e4ssiger Halsausschnitt | Weiches, leichtes und umschmeichelndes Material mit Viskose | Kleines Gr\u00f6\u00dfenetikett und Pflegeetikett in der Seitennaht | Seitenn\u00e4hte | Oversized Fashion Fit<\/p>\n","protected":false},"featured_media":1140075,"template":"","meta":[],"product_cat":[99838,99853,99852],"product_tag":[],"_links":{"self":[{"href":"https:\/\/universeproduction.com\/de\/wp-json\/wp\/v2\/product\/1174866"}],"collection":[{"href":"https:\/\/universeproduction.com\/de\/wp-json\/wp\/v2\/product"}],"about":[{"href":"https:\/\/universeproduction.com\/de\/wp-json\/wp\/v2\/types\/product"}],"wp:featuredmedia":[{"embeddable":true,"href":"https:\/\/universeproduction.com\/de\/wp-json\/wp\/v2\/media\/1140075"}],"wp:attachment":[{"href":"https:\/\/universeproduction.com\/de\/wp-json\/wp\/v2\/media?parent=1174866"}],"wp:term":[{"taxonomy":"product_cat","embeddable":true,"href":"https:\/\/universeproduction.com\/de\/wp-json\/wp\/v2\/product_cat?post=1174866"},{"taxonomy":"product_tag","embeddable":true,"href":"https:\/\/universeproduction.com\/de\/wp-json\/wp\/v2\/product_tag?post=1174866"}],"curies":[{"name":"wp","href":"https:\/\/api.w.org\/{rel}","templated":true}]}}