{"id":1174230,"date":"2022-09-29T11:30:12","date_gmt":"2022-09-29T11:30:12","guid":{"rendered":"https:\/\/universeproduction.eu\/product\/mens-texas-tank-top\/"},"modified":"2022-09-29T11:30:12","modified_gmt":"2022-09-29T11:30:12","slug":"mens-texas-tank-top","status":"publish","type":"product","link":"https:\/\/universeproduction.com\/de\/produkt\/mens-texas-tank-top\/","title":{"rendered":"Men\u00b4s Texas Tank Top"},"content":{"rendered":"<p>Single Jersey | Breite Tr\u00e4ger | Leicht taillierter Schnitt | Jersey Einfassung an Hals- und \u00c4rmelausschnitten | Seitenn\u00e4hte verst\u00e4rkt mit 4 Faden-Overlock N\u00e4hten | Herausrei\u00dfbares Label<\/p>\n","protected":false},"excerpt":{"rendered":"<p>Single Jersey | Breite Tr\u00e4ger | Leicht taillierter Schnitt | Jersey Einfassung an Hals- und \u00c4rmelausschnitten | Seitenn\u00e4hte verst\u00e4rkt mit 4 Faden-Overlock N\u00e4hten | Herausrei\u00dfbares Label<\/p>\n","protected":false},"featured_media":1139718,"template":"","meta":[],"product_cat":[100175,99838,99852],"product_tag":[],"_links":{"self":[{"href":"https:\/\/universeproduction.com\/de\/wp-json\/wp\/v2\/product\/1174230"}],"collection":[{"href":"https:\/\/universeproduction.com\/de\/wp-json\/wp\/v2\/product"}],"about":[{"href":"https:\/\/universeproduction.com\/de\/wp-json\/wp\/v2\/types\/product"}],"wp:featuredmedia":[{"embeddable":true,"href":"https:\/\/universeproduction.com\/de\/wp-json\/wp\/v2\/media\/1139718"}],"wp:attachment":[{"href":"https:\/\/universeproduction.com\/de\/wp-json\/wp\/v2\/media?parent=1174230"}],"wp:term":[{"taxonomy":"product_cat","embeddable":true,"href":"https:\/\/universeproduction.com\/de\/wp-json\/wp\/v2\/product_cat?post=1174230"},{"taxonomy":"product_tag","embeddable":true,"href":"https:\/\/universeproduction.com\/de\/wp-json\/wp\/v2\/product_tag?post=1174230"}],"curies":[{"name":"wp","href":"https:\/\/api.w.org\/{rel}","templated":true}]}}