{"id":1174105,"date":"2022-09-29T11:29:45","date_gmt":"2022-09-29T11:29:45","guid":{"rendered":"https:\/\/universeproduction.eu\/product\/tank-top\/"},"modified":"2022-10-19T06:14:40","modified_gmt":"2022-10-19T06:14:40","slug":"tank-top","status":"publish","type":"product","link":"https:\/\/universeproduction.com\/de\/produkt\/tank-top\/","title":{"rendered":"Tank Top"},"content":{"rendered":"<p>Ringgesponnene Baumwolle | Single-Jersey | K\u00f6rperbetonte Passform | Halsausschnitt und Arml\u00f6cher mit Einfassung | Seitenn\u00e4hte | Hochwertiges Webetikett im Kragen | Abrei\u00dfbares Pflegeetikett an der Seitennaht | Waschbar bis 40 \u00b0C<\/p>\n","protected":false},"excerpt":{"rendered":"<p><br data-mce-bogus=\"1\"><\/p>\n","protected":false},"featured_media":1139679,"template":"","meta":[],"product_cat":[100175,99838,99852],"product_tag":[],"_links":{"self":[{"href":"https:\/\/universeproduction.com\/de\/wp-json\/wp\/v2\/product\/1174105"}],"collection":[{"href":"https:\/\/universeproduction.com\/de\/wp-json\/wp\/v2\/product"}],"about":[{"href":"https:\/\/universeproduction.com\/de\/wp-json\/wp\/v2\/types\/product"}],"wp:featuredmedia":[{"embeddable":true,"href":"https:\/\/universeproduction.com\/de\/wp-json\/wp\/v2\/media\/1139679"}],"wp:attachment":[{"href":"https:\/\/universeproduction.com\/de\/wp-json\/wp\/v2\/media?parent=1174105"}],"wp:term":[{"taxonomy":"product_cat","embeddable":true,"href":"https:\/\/universeproduction.com\/de\/wp-json\/wp\/v2\/product_cat?post=1174105"},{"taxonomy":"product_tag","embeddable":true,"href":"https:\/\/universeproduction.com\/de\/wp-json\/wp\/v2\/product_tag?post=1174105"}],"curies":[{"name":"wp","href":"https:\/\/api.w.org\/{rel}","templated":true}]}}