{"id":1174028,"date":"2022-09-29T10:49:10","date_gmt":"2022-09-29T10:49:10","guid":{"rendered":"https:\/\/universeproduction.eu\/product\/inspire-tank-t-men_\/"},"modified":"2022-09-29T10:49:10","modified_gmt":"2022-09-29T10:49:10","slug":"inspire-tank-t-men_","status":"publish","type":"product","link":"https:\/\/universeproduction.com\/de\/produkt\/inspire-tank-t-men_\/","title":{"rendered":"Inspire Tank T \/Men_\u00b0"},"content":{"rendered":"<p>100% gek\u00e4mmte, ringgesponnene Bio-Baumwolle | \u201eB&amp;C No Neck-Etikett\u201c | Medium Fit | Eingefasster Kragen | Bio-Jersey | Weiche und ebenm\u00e4\u00dfige Oberfl\u00e4che | B&amp;C Collection ist Mitglied der Fair Wear Foundation<\/p>\n","protected":false},"excerpt":{"rendered":"<p>100% gek\u00e4mmte, ringgesponnene Bio-Baumwolle | \u201eB&amp;C No Neck-Etikett\u201c | Medium Fit | Eingefasster Kragen | Bio-Jersey | Weiche und ebenm\u00e4\u00dfige Oberfl\u00e4che | B&amp;C Collection ist Mitglied der Fair Wear Foundation<\/p>\n","protected":false},"featured_media":772159,"template":"","meta":[],"product_cat":[100175,99838,99852],"product_tag":[],"_links":{"self":[{"href":"https:\/\/universeproduction.com\/de\/wp-json\/wp\/v2\/product\/1174028"}],"collection":[{"href":"https:\/\/universeproduction.com\/de\/wp-json\/wp\/v2\/product"}],"about":[{"href":"https:\/\/universeproduction.com\/de\/wp-json\/wp\/v2\/types\/product"}],"wp:featuredmedia":[{"embeddable":true,"href":"https:\/\/universeproduction.com\/de\/wp-json\/wp\/v2\/media\/772159"}],"wp:attachment":[{"href":"https:\/\/universeproduction.com\/de\/wp-json\/wp\/v2\/media?parent=1174028"}],"wp:term":[{"taxonomy":"product_cat","embeddable":true,"href":"https:\/\/universeproduction.com\/de\/wp-json\/wp\/v2\/product_cat?post=1174028"},{"taxonomy":"product_tag","embeddable":true,"href":"https:\/\/universeproduction.com\/de\/wp-json\/wp\/v2\/product_tag?post=1174028"}],"curies":[{"name":"wp","href":"https:\/\/api.w.org\/{rel}","templated":true}]}}