{"id":1173967,"date":"2022-09-29T09:05:51","date_gmt":"2022-09-29T09:05:51","guid":{"rendered":"https:\/\/universeproduction.eu\/product\/softstyle-tank-top\/"},"modified":"2022-09-29T09:05:51","modified_gmt":"2022-09-29T09:05:51","slug":"softstyle-tank-top","status":"publish","type":"product","link":"https:\/\/universeproduction.com\/de\/produkt\/softstyle-tank-top\/","title":{"rendered":"Softstyle\u00ae Tank Top"},"content":{"rendered":"<p>Ringgesponnene Baumwolle | Weiches, ringgesponnenes Material | Hohe Nahtdichte f\u00fcr eine glattere Druckoberfl\u00e4che | Besatz an Hals und Arml\u00f6chern | Leicht tailliert, ohne Seitenn\u00e4hte | Heraustrennbares Etikett<\/p>\n","protected":false},"excerpt":{"rendered":"<p>Ringgesponnene Baumwolle | Weiches, ringgesponnenes Material | Hohe Nahtdichte f\u00fcr eine glattere Druckoberfl\u00e4che | Besatz an Hals und Arml\u00f6chern | Leicht tailliert, ohne Seitenn\u00e4hte | Heraustrennbares Etikett<\/p>\n","protected":false},"featured_media":1152463,"template":"","meta":[],"product_cat":[100175,99838,99852],"product_tag":[],"_links":{"self":[{"href":"https:\/\/universeproduction.com\/de\/wp-json\/wp\/v2\/product\/1173967"}],"collection":[{"href":"https:\/\/universeproduction.com\/de\/wp-json\/wp\/v2\/product"}],"about":[{"href":"https:\/\/universeproduction.com\/de\/wp-json\/wp\/v2\/types\/product"}],"wp:featuredmedia":[{"embeddable":true,"href":"https:\/\/universeproduction.com\/de\/wp-json\/wp\/v2\/media\/1152463"}],"wp:attachment":[{"href":"https:\/\/universeproduction.com\/de\/wp-json\/wp\/v2\/media?parent=1173967"}],"wp:term":[{"taxonomy":"product_cat","embeddable":true,"href":"https:\/\/universeproduction.com\/de\/wp-json\/wp\/v2\/product_cat?post=1173967"},{"taxonomy":"product_tag","embeddable":true,"href":"https:\/\/universeproduction.com\/de\/wp-json\/wp\/v2\/product_tag?post=1173967"}],"curies":[{"name":"wp","href":"https:\/\/api.w.org\/{rel}","templated":true}]}}