{"id":1173638,"date":"2022-09-29T08:46:36","date_gmt":"2022-09-29T08:46:36","guid":{"rendered":"https:\/\/universeproduction.eu\/product\/clive-crew-neck\/"},"modified":"2022-09-29T08:46:36","modified_gmt":"2022-09-29T08:46:36","slug":"clive-crew-neck","status":"publish","type":"product","link":"https:\/\/universeproduction.com\/de\/produkt\/clive-crew-neck\/","title":{"rendered":"Clive Crew Neck"},"content":{"rendered":"<p>95% gek\u00e4mmte, ringgesponnene Baumwolle \/ 5% Elasthan | Single-Jersey, \u201eFull-Feeder\u201c | Verst\u00e4rkte Schulternaht | Kontrastfarbenes Nackenband in Slate Grey (bei Shirtfarbe Slate Grey:Nackenband in Black Opal) | Schmaler Kragen | Schmaler \u00c4rmelsaum | Kleines Gr\u00f6\u00dfenetikett im Nacken | Pflegeetikett in der Seitennaht | Seitenn\u00e4hte | Waschbar bis 40 \u00b0C | Body Fit<\/p>\n","protected":false},"excerpt":{"rendered":"<p>95% gek\u00e4mmte, ringgesponnene Baumwolle \/ 5% Elasthan | Single-Jersey, \u201eFull-Feeder\u201c | Verst\u00e4rkte Schulternaht | Kontrastfarbenes Nackenband in Slate Grey (bei Shirtfarbe Slate Grey:Nackenband in Black Opal) | Schmaler Kragen | Schmaler \u00c4rmelsaum | Kleines Gr\u00f6\u00dfenetikett im Nacken | Pflegeetikett in der Seitennaht | Seitenn\u00e4hte | Waschbar bis 40 \u00b0C | Body Fit<\/p>\n","protected":false},"featured_media":1139940,"template":"","meta":[],"product_cat":[99838,99853,99852],"product_tag":[],"_links":{"self":[{"href":"https:\/\/universeproduction.com\/de\/wp-json\/wp\/v2\/product\/1173638"}],"collection":[{"href":"https:\/\/universeproduction.com\/de\/wp-json\/wp\/v2\/product"}],"about":[{"href":"https:\/\/universeproduction.com\/de\/wp-json\/wp\/v2\/types\/product"}],"wp:featuredmedia":[{"embeddable":true,"href":"https:\/\/universeproduction.com\/de\/wp-json\/wp\/v2\/media\/1139940"}],"wp:attachment":[{"href":"https:\/\/universeproduction.com\/de\/wp-json\/wp\/v2\/media?parent=1173638"}],"wp:term":[{"taxonomy":"product_cat","embeddable":true,"href":"https:\/\/universeproduction.com\/de\/wp-json\/wp\/v2\/product_cat?post=1173638"},{"taxonomy":"product_tag","embeddable":true,"href":"https:\/\/universeproduction.com\/de\/wp-json\/wp\/v2\/product_tag?post=1173638"}],"curies":[{"name":"wp","href":"https:\/\/api.w.org\/{rel}","templated":true}]}}