{"id":1173448,"date":"2022-09-29T08:39:14","date_gmt":"2022-09-29T08:39:14","guid":{"rendered":"https:\/\/universeproduction.eu\/product\/atomic-150-t-shirt\/"},"modified":"2022-09-29T08:39:14","modified_gmt":"2022-09-29T08:39:14","slug":"atomic-150-t-shirt","status":"publish","type":"product","link":"https:\/\/universeproduction.com\/de\/produkt\/atomic-150-t-shirt\/","title":{"rendered":"Atomic 150 T-Shirt"},"content":{"rendered":"<p>Single-Jersey | T-Shirt mit doppellagigem runden Halsausschnitt | Verst\u00e4rkte, verdeckte N\u00e4hte an Hals und Schulter | Ohne Seitenn\u00e4hte (tubular)<\/p>\n","protected":false},"excerpt":{"rendered":"<p>Single-Jersey | T-Shirt mit doppellagigem runden Halsausschnitt | Verst\u00e4rkte, verdeckte N\u00e4hte an Hals und Schulter | Ohne Seitenn\u00e4hte (tubular)<\/p>\n","protected":false},"featured_media":1139904,"template":"","meta":[],"product_cat":[99838,99853,99852],"product_tag":[],"_links":{"self":[{"href":"https:\/\/universeproduction.com\/de\/wp-json\/wp\/v2\/product\/1173448"}],"collection":[{"href":"https:\/\/universeproduction.com\/de\/wp-json\/wp\/v2\/product"}],"about":[{"href":"https:\/\/universeproduction.com\/de\/wp-json\/wp\/v2\/types\/product"}],"wp:featuredmedia":[{"embeddable":true,"href":"https:\/\/universeproduction.com\/de\/wp-json\/wp\/v2\/media\/1139904"}],"wp:attachment":[{"href":"https:\/\/universeproduction.com\/de\/wp-json\/wp\/v2\/media?parent=1173448"}],"wp:term":[{"taxonomy":"product_cat","embeddable":true,"href":"https:\/\/universeproduction.com\/de\/wp-json\/wp\/v2\/product_cat?post=1173448"},{"taxonomy":"product_tag","embeddable":true,"href":"https:\/\/universeproduction.com\/de\/wp-json\/wp\/v2\/product_tag?post=1173448"}],"curies":[{"name":"wp","href":"https:\/\/api.w.org\/{rel}","templated":true}]}}