{"id":1169989,"date":"2022-09-29T07:12:12","date_gmt":"2022-09-29T07:12:12","guid":{"rendered":"https:\/\/universeproduction.eu\/product\/regular-premium-t-shirt\/"},"modified":"2022-09-29T07:12:12","modified_gmt":"2022-09-29T07:12:12","slug":"regular-premium-t-shirt","status":"publish","type":"product","link":"https:\/\/universeproduction.com\/de\/produkt\/regular-premium-t-shirt\/","title":{"rendered":"Regular Premium T-Shirt"},"content":{"rendered":"<p>Kurz\u00e4rmeliges T-Shirt f\u00fcr Erwachsene | Schlauchware | Lycra im Ripp-Kragen | Doppelte N\u00e4hte an Kragen, \u00c4rmeln und Bund | Band von Schulter zu Schulter | Einlaufvorbehandelte Baumwolle<\/p>\n","protected":false},"excerpt":{"rendered":"<p>Kurz\u00e4rmeliges T-Shirt f\u00fcr Erwachsene | Schlauchware | Lycra im Ripp-Kragen | Doppelte N\u00e4hte an Kragen, \u00c4rmeln und Bund | Band von Schulter zu Schulter | Einlaufvorbehandelte Baumwolle<\/p>\n","protected":false},"featured_media":1225129,"template":"","meta":[],"product_cat":[99838,99853,99852],"product_tag":[],"_links":{"self":[{"href":"https:\/\/universeproduction.com\/de\/wp-json\/wp\/v2\/product\/1169989"}],"collection":[{"href":"https:\/\/universeproduction.com\/de\/wp-json\/wp\/v2\/product"}],"about":[{"href":"https:\/\/universeproduction.com\/de\/wp-json\/wp\/v2\/types\/product"}],"wp:featuredmedia":[{"embeddable":true,"href":"https:\/\/universeproduction.com\/de\/wp-json\/wp\/v2\/media\/1225129"}],"wp:attachment":[{"href":"https:\/\/universeproduction.com\/de\/wp-json\/wp\/v2\/media?parent=1169989"}],"wp:term":[{"taxonomy":"product_cat","embeddable":true,"href":"https:\/\/universeproduction.com\/de\/wp-json\/wp\/v2\/product_cat?post=1169989"},{"taxonomy":"product_tag","embeddable":true,"href":"https:\/\/universeproduction.com\/de\/wp-json\/wp\/v2\/product_tag?post=1169989"}],"curies":[{"name":"wp","href":"https:\/\/api.w.org\/{rel}","templated":true}]}}