{"id":1169246,"date":"2022-09-29T07:05:05","date_gmt":"2022-09-29T07:05:05","guid":{"rendered":"https:\/\/universeproduction.eu\/product\/imperial-t-shirt\/"},"modified":"2022-09-29T07:05:05","modified_gmt":"2022-09-29T07:05:05","slug":"imperial-t-shirt","status":"publish","type":"product","link":"https:\/\/universeproduction.com\/de\/produkt\/imperial-t-shirt\/","title":{"rendered":"Imperial T-Shirt"},"content":{"rendered":"<p>Halbgek\u00e4mmte Ringspun-Baumwolle | Verst\u00e4rkendes Nackenband | Kragenb\u00fcndchen mit Elasthan | Schlauchware | Heavy-Jersey<\/p>\n","protected":false},"excerpt":{"rendered":"<p>Halbgek\u00e4mmte Ringspun-Baumwolle | Verst\u00e4rkendes Nackenband | Kragenb\u00fcndchen mit Elasthan | Schlauchware | Heavy-Jersey<\/p>\n","protected":false},"featured_media":1225132,"template":"","meta":[],"product_cat":[99838,99853,99852],"product_tag":[],"_links":{"self":[{"href":"https:\/\/universeproduction.com\/de\/wp-json\/wp\/v2\/product\/1169246"}],"collection":[{"href":"https:\/\/universeproduction.com\/de\/wp-json\/wp\/v2\/product"}],"about":[{"href":"https:\/\/universeproduction.com\/de\/wp-json\/wp\/v2\/types\/product"}],"wp:featuredmedia":[{"embeddable":true,"href":"https:\/\/universeproduction.com\/de\/wp-json\/wp\/v2\/media\/1225132"}],"wp:attachment":[{"href":"https:\/\/universeproduction.com\/de\/wp-json\/wp\/v2\/media?parent=1169246"}],"wp:term":[{"taxonomy":"product_cat","embeddable":true,"href":"https:\/\/universeproduction.com\/de\/wp-json\/wp\/v2\/product_cat?post=1169246"},{"taxonomy":"product_tag","embeddable":true,"href":"https:\/\/universeproduction.com\/de\/wp-json\/wp\/v2\/product_tag?post=1169246"}],"curies":[{"name":"wp","href":"https:\/\/api.w.org\/{rel}","templated":true}]}}