{"id":1168817,"date":"2022-09-29T07:00:05","date_gmt":"2022-09-29T07:00:05","guid":{"rendered":"https:\/\/universeproduction.eu\/product\/regular-t-shirt\/"},"modified":"2022-09-29T07:00:05","modified_gmt":"2022-09-29T07:00:05","slug":"regular-t-shirt","status":"publish","type":"product","link":"https:\/\/universeproduction.com\/de\/produkt\/regular-t-shirt\/","title":{"rendered":"Regular T-Shirt"},"content":{"rendered":"<p>Schlauchware (Camouflage mit Seitenn\u00e4hten) | Doppelte N\u00e4hte an Kragen, \u00c4rmeln und Bund | Band von Schulter zu Schulter | Lycra\u00ae im B\u00fcndchen | Vorgeschrumpft<\/p>\n","protected":false},"excerpt":{"rendered":"<p>Schlauchware (Camouflage mit Seitenn\u00e4hten) | Doppelte N\u00e4hte an Kragen, \u00c4rmeln und Bund | Band von Schulter zu Schulter | Lycra\u00ae im B\u00fcndchen | Vorgeschrumpft<\/p>\n","protected":false},"featured_media":1225135,"template":"","meta":[],"product_cat":[99838,99853,99852],"product_tag":[],"_links":{"self":[{"href":"https:\/\/universeproduction.com\/de\/wp-json\/wp\/v2\/product\/1168817"}],"collection":[{"href":"https:\/\/universeproduction.com\/de\/wp-json\/wp\/v2\/product"}],"about":[{"href":"https:\/\/universeproduction.com\/de\/wp-json\/wp\/v2\/types\/product"}],"wp:featuredmedia":[{"embeddable":true,"href":"https:\/\/universeproduction.com\/de\/wp-json\/wp\/v2\/media\/1225135"}],"wp:attachment":[{"href":"https:\/\/universeproduction.com\/de\/wp-json\/wp\/v2\/media?parent=1168817"}],"wp:term":[{"taxonomy":"product_cat","embeddable":true,"href":"https:\/\/universeproduction.com\/de\/wp-json\/wp\/v2\/product_cat?post=1168817"},{"taxonomy":"product_tag","embeddable":true,"href":"https:\/\/universeproduction.com\/de\/wp-json\/wp\/v2\/product_tag?post=1168817"}],"curies":[{"name":"wp","href":"https:\/\/api.w.org\/{rel}","templated":true}]}}