{"id":1168515,"date":"2022-09-29T06:55:04","date_gmt":"2022-09-29T06:55:04","guid":{"rendered":"https:\/\/universeproduction.eu\/product\/softstyle-t-shirt\/"},"modified":"2022-09-29T06:55:04","modified_gmt":"2022-09-29T06:55:04","slug":"softstyle-t-shirt","status":"publish","type":"product","link":"https:\/\/universeproduction.com\/de\/produkt\/softstyle-t-shirt\/","title":{"rendered":"Softstyle\u00ae T- Shirt"},"content":{"rendered":"<p>Ringgesponnene Baumwolle | Weiches, ringgesponnenes Material | Hohe Nahtdichte f\u00fcr eine glattere Druckoberfl\u00e4che | 1,6 cm Ripp-Kragen | Nacken- und Schulterband | Doppelnaht an \u00c4rmel und Saum | Eurofit, ohne Seitenn\u00e4hte | Heraustrennbares Etikett<\/p>\n","protected":false},"excerpt":{"rendered":"<p>Ringgesponnene Baumwolle | Weiches, ringgesponnenes Material | Hohe Nahtdichte f\u00fcr eine glattere Druckoberfl\u00e4che | 1,6 cm Ripp-Kragen | Nacken- und Schulterband | Doppelnaht an \u00c4rmel und Saum | Eurofit, ohne Seitenn\u00e4hte | Heraustrennbares Etikett<\/p>\n","protected":false},"featured_media":874951,"template":"","meta":[],"product_cat":[99838,99853,99852],"product_tag":[],"_links":{"self":[{"href":"https:\/\/universeproduction.com\/de\/wp-json\/wp\/v2\/product\/1168515"}],"collection":[{"href":"https:\/\/universeproduction.com\/de\/wp-json\/wp\/v2\/product"}],"about":[{"href":"https:\/\/universeproduction.com\/de\/wp-json\/wp\/v2\/types\/product"}],"wp:featuredmedia":[{"embeddable":true,"href":"https:\/\/universeproduction.com\/de\/wp-json\/wp\/v2\/media\/874951"}],"wp:attachment":[{"href":"https:\/\/universeproduction.com\/de\/wp-json\/wp\/v2\/media?parent=1168515"}],"wp:term":[{"taxonomy":"product_cat","embeddable":true,"href":"https:\/\/universeproduction.com\/de\/wp-json\/wp\/v2\/product_cat?post=1168515"},{"taxonomy":"product_tag","embeddable":true,"href":"https:\/\/universeproduction.com\/de\/wp-json\/wp\/v2\/product_tag?post=1168515"}],"curies":[{"name":"wp","href":"https:\/\/api.w.org\/{rel}","templated":true}]}}