{"id":733133,"date":"2021-10-15T10:28:38","date_gmt":"2021-10-15T10:28:38","guid":{"rendered":"https:\/\/universeproduction.eu\/naehzimmer\/produkte\/sportsack\/"},"modified":"2023-01-07T22:46:42","modified_gmt":"2023-01-07T22:46:42","slug":"sportsack","status":"publish","type":"page","link":"https:\/\/universeproduction.com\/de\/naehzimmer\/produkte\/sportsack\/","title":{"rendered":"Sportsack"},"content":{"rendered":"<p>[vc_row mobile_bg_img_hidden=&#8220;no&#8220; tablet_bg_img_hidden=&#8220;no&#8220; woodmart_parallax=&#8220;0&#8243; woodmart_gradient_switch=&#8220;no&#8220; row_reverse_mobile=&#8220;0&#8243; row_reverse_tablet=&#8220;0&#8243; woodmart_disable_overflow=&#8220;0&#8243; css=&#8220;.vc_custom_1617871602441{margin-top: 49px !important;}&#8220;][vc_column width=&#8220;1\/2&#8243; offset=&#8220;vc_col-lg-4&#8243;]<div class=\"porto-u-heading  wpb_custom_95aa9a11c17ad45cfabaf210d84ee7cc\" data-hspacer=\"no_spacer\" data-halign=\"left\" style=\"text-align:left\"><div class=\"porto-u-main-heading\"><h2   style=\"font-family:Open Sans; font-weight:700; font-style:normal; font-weight:700;color:#231f20;margin-bottom: 20px;font-size:22px;line-height:30px;\">N\u00e4herin<\/h2><\/div><\/div>[vc_single_image image=&#8220;2594&#8243; img_size=&#8220;full&#8220; css=&#8220;.vc_custom_1620203640135{margin-bottom: 0px !important;border-bottom-width: 0px !important;padding-bottom: 0px !important;}&#8220; parallax_scroll=&#8220;no&#8220;][vc_wp_custommenu nav_menu=&#8220;185&#8243; el_class=&#8220;menu_menu&#8220;][\/vc_column][vc_column width=&#8220;1\/2&#8243; offset=&#8220;vc_col-lg-8&#8243;][vc_row_inner content_placement=&#8220;bottom&#8220;][vc_column_inner width=&#8220;1\/3&#8243; offset=&#8220;vc_col-lg-4&#8243;]<div class=\"porto-u-heading  wpb_custom_95aa9a11c17ad45cfabaf210d84ee7cc\" data-hspacer=\"no_spacer\" data-halign=\"left\" style=\"text-align:left\"><div class=\"porto-u-main-heading\"><h1   style=\"font-family:Open Sans; font-weight:700; font-style:normal; font-weight:700;color:#231f20;margin-bottom: 0px;font-size:22px;line-height:30px;\">Sportsack<\/h1><\/div><\/div>[\/vc_column_inner][vc_column_inner width=&#8220;1\/3&#8243; offset=&#8220;vc_col-lg-4&#8243;][\/vc_column_inner][\/vc_row_inner]<div class=\"porto-u-heading  wpb_custom_95aa9a11c17ad45cfabaf210d84ee7cc\" data-hspacer=\"no_spacer\" data-halign=\"left\" style=\"text-align:left\"><div class=\"porto-u-sub-heading\" style=\"font-family:Open Sans; font-weight:; font-style:; font-weight:400;color: #575757;margin-bottom:0px;font-size:14px;line-height:24px;letter-spacing:0px;\">Die au\u00dferordentliche N\u00fctzlichkeit, Handlichkeit und der Komfort, den der Sportsack bietet, macht dieses Produkt immer noch beliebt.<br \/>\nIn unserem Angebot haben wir Modelle in verschiedenen L\u00e4ngen und Ausf\u00fchrungen. Wir bieten die M\u00f6glichkeit, die Farbe der Kordel zu w\u00e4hlen und eine separate Tasche f\u00fcr Schl\u00fcssel hinzuzuf\u00fcgen. Da das Produkt aus einem extrem strapazierf\u00e4higen Gewebe besteht, h\u00e4lt es auch den h\u00e4rtesten Einsatzbedingungen stand.<\/div><\/div>[vc_row_inner][vc_column_inner width=&#8220;1\/2&#8243;]<div class=\"porto-btn-ctn-left \"><a class=\"porto-btn porto-adjust-bottom-margin porto-btn-custom porto-btn-no-hover-bg  wpb_custom_fa51088c2567b780100c1edcf8821d3b  porto-btn-left \" title='Proposed clothing' rel='' href = \"https:\/\/www.universeproduction.com\/de\/kontakt\" target='_blank' data-hover=\"#ffffff\" data-border-color=\"\" data-bg=\"#2ec5cc\" data-hover-bg=\"#2ec5cc\" data-border-hover=\"\" data-shadow-click=\"none\" data-shadow=\"\" style=\"font-family:Open Sans; font-weight:400; font-style:normal; font-weight:400;font-size:14px;width:274px;min-height:40px;line-height:39px;border:none;background: #2ec5cc;color: #ffffff;\"><span class=\"porto-btn-hover\" style=\"background-color:#2ec5cc\"><\/span><span class=\"porto-btn-data porto-btn-text \" >FRAGEN SIE NACH DEM PRODUKT<\/span><\/a><\/div>[\/vc_column_inner][vc_column_inner width=&#8220;1\/2&#8243;][vc_single_image image=&#8220;2593&#8243; img_size=&#8220;74&#215;74&#8243; alignment=&#8220;right&#8220;][\/vc_column_inner][\/vc_row_inner][\/vc_column][\/vc_row][vc_row][vc_column]<div class=\"porto-u-heading  wpb_custom_0\" data-hspacer=\"no_spacer\" data-halign=\"center\" style=\"text-align:center\"><div class=\"porto-u-sub-heading\" style=\"\">\n<div id=\"contactBox\" style=\"margin-top: 40px;\">\n<div style=\"margin-bottom: 15px;\"><i class=\"fas fa-phone\" style=\"font-size: 21px; color: #575757;\"><\/i>\u00a0<a style=\"font-size: 21px; color: #575757;\" href=\"tel:+48733904144\">+48 733 904 144 ( <i class=\"fab fa-whatsapp\" style=\"font-size: 21px; color: #575757;\"><\/i> call WhatsApp )<\/a><\/div>\n<div><i class=\"fas fa-envelope\" style=\"font-size: 21px; color: #575757;\"><\/i>\u00a0<a style=\"font-size: 21px; color: #575757;\" href=\"mailto:sales@universeproduction.com\">sales@universeproduction.com<\/a><\/div>\n<\/div>\n<p><\/div><\/div><div class=\"porto-btn-ctn-center \"><a class=\"porto-btn  vc_custom_1673131579299 porto-adjust-bottom-margin porto-btn-normal porto-btn-no-hover-bg  wpb_custom_ff5ba0fb8e05f8ce50d4004993b68583  porto-btn-center \" title='WRITE TO US!' rel='' href = \"https:\/\/www.universeproduction.com\/de\/kontakt\" target='_blank' data-hover=\"\" data-border-color=\"\" data-bg=\"#2ec5cc\" data-hover-bg=\"#2ec5cc\" data-border-hover=\"\" data-shadow-click=\"none\" data-shadow=\"\" style=\"border:none;background: #2ec5cc;color: #ffffff;\"><span class=\"porto-btn-hover\" style=\"background-color:#2ec5cc\"><\/span><span class=\"porto-btn-data porto-btn-text \" >WRITE TO US!<\/span><\/a><\/div>[\/vc_column][\/vc_row][vc_row css=&#8220;.vc_custom_1606205534513{margin-top: 30px !important;margin-bottom: 50px !important;}&#8220;][vc_column width=&#8220;1\/2&#8243;][vc_single_image image=&#8220;2714&#8243; img_size=&#8220;460&#215;627&#8243; alignment=&#8220;center&#8220; parallax_scroll=&#8220;no&#8220;][\/vc_column][vc_column width=&#8220;1\/2&#8243;]<div class=\"porto-u-heading  wpb_custom_95aa9a11c17ad45cfabaf210d84ee7cc\" data-hspacer=\"line_only\" data-halign=\"left\" style=\"text-align:left\"><div class=\"porto-u-main-heading\"><h2   style=\"font-family:Open Sans; font-weight:; font-style:; font-weight:700;color:#231f20;margin-bottom: 15px;font-size:18px;line-height:24px;\">Produkt-Details<\/h2><\/div><div class=\"porto-u-heading-spacer line_only\" style=\"margin-bottom: 15px;height:1px;\"><span class=\"porto-u-headings-line\" style=\"border-style:solid;border-bottom-width:1px;border-color:#f2f2f2;width:auto;margin-left: 0\"><\/span><\/div><div class=\"porto-u-sub-heading\" style=\"font-family:Open Sans; font-weight:400; font-style:normal; font-weight:400;color: #575757;margin-bottom:0px;font-size:14px;line-height:30px;\"><strong>Material:<\/strong> Polyester oder Baumwolle<br \/>\n<strong>Gewicht:<\/strong> von 120g\/m2 bis 240g\/m2<br \/>\n<strong>Farbe:<\/strong> Polyestertaschen sind in jeder Farbe erh\u00e4ltlich, die Sie w\u00e4hlen.<br \/>\n<strong>Mindestbestellmenge:<\/strong> 100 Stk.<br \/>\n<strong>Lieferung:<\/strong> 4 Wochen.<\/div><\/div><div class=\"porto-u-heading  wpb_custom_95aa9a11c17ad45cfabaf210d84ee7cc\" data-hspacer=\"line_only\" data-halign=\"left\" style=\"text-align:left\"><div class=\"porto-u-main-heading\"><h2   style=\"font-family:Open Sans; font-weight:300; font-style:normal; font-weight:700;color:#231f20;margin-bottom: 15px;font-size:18px;line-height:24px;\">Arten der Dekoration<\/h2><\/div><div class=\"porto-u-heading-spacer line_only\" style=\"margin-bottom: 15px;height:1px;\"><span class=\"porto-u-headings-line\" style=\"border-style:solid;border-bottom-width:1px;border-color:#f2f2f2;width:auto;margin-left: 0\"><\/span><\/div><div class=\"porto-u-sub-heading\" style=\"font-family:Open Sans; font-weight:; font-style:; font-weight:400;color: #575757;margin-bottom:0px;font-size:14px;line-height:30px;\"><strong>Arten der Dekoration:<\/strong> Flachsiebdruck auf Baumwollsack, Sublimation auf Polyestertsack.<br \/>\n<strong>String-Typen:<\/strong> lose gewebt oder sehr eng gewebt.<\/div><\/div>[\/vc_column][\/vc_row][vc_row css=&#8220;.vc_custom_1606133761505{margin-bottom: 50px !important;}&#8220;][vc_column width=&#8220;1\/2&#8243;][vc_single_image image=&#8220;2712&#8243; img_size=&#8220;full&#8220; alignment=&#8220;center&#8220; parallax_scroll=&#8220;no&#8220;][\/vc_column][vc_column width=&#8220;1\/2&#8243;][vc_single_image image=&#8220;2713&#8243; img_size=&#8220;455&#215;619&#8243; alignment=&#8220;center&#8220; parallax_scroll=&#8220;no&#8220;][\/vc_column][\/vc_row][vc_row content_placement=&#8220;top&#8220; css=&#8220;.vc_custom_1606133169982{margin-top: 88px !important;}&#8220;][vc_column]<div class=\"porto-btn-ctn-center \"><a class=\"porto-btn porto-adjust-bottom-margin porto-btn-custom porto-btn-no-hover-bg  wpb_custom_fa51088c2567b780100c1edcf8821d3b  porto-btn-center \" title='Proposed clothing' rel='' href = \"https:\/\/www.universeproduction.com\/de\/kontakt\" target='_blank' data-hover=\"#ffffff\" data-border-color=\"\" data-bg=\"#2ec5cc\" data-hover-bg=\"#2ec5cc\" data-border-hover=\"\" data-shadow-click=\"none\" data-shadow=\"\" style=\"font-family:Open Sans; font-weight:400; font-style:normal; font-weight:400;font-size:14px;width:274px;min-height:40px;line-height:39px;border:none;background: #2ec5cc;color: #ffffff;\"><span class=\"porto-btn-hover\" style=\"background-color:#2ec5cc\"><\/span><span class=\"porto-btn-data porto-btn-text \" >FRAGEN SIE NACH DEM PRODUKT<\/span><\/a><\/div>[\/vc_column][\/vc_row]<\/p>\n","protected":false},"excerpt":{"rendered":"<p>[vc_row mobile_bg_img_hidden=&#8220;no&#8220; tablet_bg_img_hidden=&#8220;no&#8220; woodmart_parallax=&#8220;0&#8243; woodmart_gradient_switch=&#8220;no&#8220; row_reverse_mobile=&#8220;0&#8243; row_reverse_tablet=&#8220;0&#8243; woodmart_disable_overflow=&#8220;0&#8243; css=&#8220;.vc_custom_1617871602441{margin-top: 49px !important;}&#8220;][vc_column width=&#8220;1\/2&#8243; offset=&#8220;vc_col-lg-4&#8243;][vc_single_image image=&#8220;2594&#8243; img_size=&#8220;full&#8220; css=&#8220;.vc_custom_1620203640135{margin-bottom: 0px !important;border-bottom-width: 0px !important;padding-bottom: 0px !important;}&#8220; parallax_scroll=&#8220;no&#8220;][vc_wp_custommenu nav_menu=&#8220;185&#8243; el_class=&#8220;menu_menu&#8220;][\/vc_column][vc_column width=&#8220;1\/2&#8243; offset=&#8220;vc_col-lg-8&#8243;][vc_row_inner content_placement=&#8220;bottom&#8220;][vc_column_inner width=&#8220;1\/3&#8243; offset=&#8220;vc_col-lg-4&#8243;][\/vc_column_inner][vc_column_inner width=&#8220;1\/3&#8243; offset=&#8220;vc_col-lg-4&#8243;][\/vc_column_inner][\/vc_row_inner][vc_row_inner][vc_column_inner width=&#8220;1\/2&#8243;][\/vc_column_inner][vc_column_inner width=&#8220;1\/2&#8243;][vc_single_image image=&#8220;2593&#8243; img_size=&#8220;74&#215;74&#8243; alignment=&#8220;right&#8220;][\/vc_column_inner][\/vc_row_inner][\/vc_column][\/vc_row][vc_row][vc_column][\/vc_column][\/vc_row][vc_row css=&#8220;.vc_custom_1606205534513{margin-top: 30px !important;margin-bottom: 50px !important;}&#8220;][vc_column width=&#8220;1\/2&#8243;][vc_single_image image=&#8220;2714&#8243; img_size=&#8220;460&#215;627&#8243; alignment=&#8220;center&#8220; parallax_scroll=&#8220;no&#8220;][\/vc_column][vc_column width=&#8220;1\/2&#8243;][\/vc_column][\/vc_row][vc_row css=&#8220;.vc_custom_1606133761505{margin-bottom: 50px !important;}&#8220;][vc_column width=&#8220;1\/2&#8243;][vc_single_image image=&#8220;2712&#8243; img_size=&#8220;full&#8220; alignment=&#8220;center&#8220; [&hellip;]<\/p>\n","protected":false},"author":1,"featured_media":0,"parent":733013,"menu_order":18,"comment_status":"closed","ping_status":"closed","template":"","meta":[],"_links":{"self":[{"href":"https:\/\/universeproduction.com\/de\/wp-json\/wp\/v2\/pages\/733133"}],"collection":[{"href":"https:\/\/universeproduction.com\/de\/wp-json\/wp\/v2\/pages"}],"about":[{"href":"https:\/\/universeproduction.com\/de\/wp-json\/wp\/v2\/types\/page"}],"author":[{"embeddable":true,"href":"https:\/\/universeproduction.com\/de\/wp-json\/wp\/v2\/users\/1"}],"replies":[{"embeddable":true,"href":"https:\/\/universeproduction.com\/de\/wp-json\/wp\/v2\/comments?post=733133"}],"version-history":[{"count":5,"href":"https:\/\/universeproduction.com\/de\/wp-json\/wp\/v2\/pages\/733133\/revisions"}],"predecessor-version":[{"id":1240259,"href":"https:\/\/universeproduction.com\/de\/wp-json\/wp\/v2\/pages\/733133\/revisions\/1240259"}],"up":[{"embeddable":true,"href":"https:\/\/universeproduction.com\/de\/wp-json\/wp\/v2\/pages\/733013"}],"wp:attachment":[{"href":"https:\/\/universeproduction.com\/de\/wp-json\/wp\/v2\/media?parent=733133"}],"curies":[{"name":"wp","href":"https:\/\/api.w.org\/{rel}","templated":true}]}}