{"id":733049,"date":"2021-10-15T07:56:29","date_gmt":"2021-10-15T07:56:29","guid":{"rendered":"https:\/\/universeproduction.eu\/naehzimmer\/produkte\/herren-langarmshirt\/"},"modified":"2023-01-07T19:07:01","modified_gmt":"2023-01-07T19:07:01","slug":"herren-langarmshirt","status":"publish","type":"page","link":"https:\/\/universeproduction.com\/de\/naehzimmer\/produkte\/herren-langarmshirt\/","title":{"rendered":"Herren-Langarmshirt"},"content":{"rendered":"<p>[vc_row mobile_bg_img_hidden=&#8220;no&#8220; tablet_bg_img_hidden=&#8220;no&#8220; woodmart_parallax=&#8220;0&#8243; woodmart_gradient_switch=&#8220;no&#8220; row_reverse_mobile=&#8220;0&#8243; row_reverse_tablet=&#8220;0&#8243; woodmart_disable_overflow=&#8220;0&#8243; css=&#8220;.vc_custom_1617871602441{margin-top: 49px !important;}&#8220;][vc_column width=&#8220;1\/2&#8243; offset=&#8220;vc_col-lg-4&#8243;]<div class=\"porto-u-heading  wpb_custom_95aa9a11c17ad45cfabaf210d84ee7cc\" data-hspacer=\"no_spacer\" data-halign=\"left\" style=\"text-align:left\"><div class=\"porto-u-main-heading\"><h2   style=\"font-family:Open Sans; font-weight:700; font-style:normal; font-weight:700;color:#231f20;margin-bottom: 20px;font-size:22px;line-height:30px;\">N\u00e4herin<\/h2><\/div><\/div>[vc_single_image image=&#8220;2594&#8243; img_size=&#8220;full&#8220; css=&#8220;.vc_custom_1620203640135{margin-bottom: 0px !important;border-bottom-width: 0px !important;padding-bottom: 0px !important;}&#8220; parallax_scroll=&#8220;no&#8220;][vc_wp_custommenu nav_menu=&#8220;185&#8243; el_class=&#8220;menu_menu&#8220;][\/vc_column][vc_column width=&#8220;1\/2&#8243; offset=&#8220;vc_col-lg-8&#8243;][vc_row_inner content_placement=&#8220;bottom&#8220;][vc_column_inner width=&#8220;1\/3&#8243; offset=&#8220;vc_col-lg-4&#8243;]<div class=\"porto-u-heading  wpb_custom_95aa9a11c17ad45cfabaf210d84ee7cc\" data-hspacer=\"no_spacer\" data-halign=\"left\" style=\"text-align:left\"><div class=\"porto-u-main-heading\"><h1   style=\"font-family:Open Sans; font-weight:700; font-style:normal; font-weight:700;color:#231f20;margin-bottom: 0px;font-size:22px;line-height:30px;\">Herren Langarmshirt TL01<\/h1><\/div><\/div>[\/vc_column_inner][vc_column_inner width=&#8220;1\/3&#8243; offset=&#8220;vc_col-lg-4&#8243;]<span id=\"creative-link-wrap-2347\" class=\"ult_main_cl ult-adjust-bottom-margin  \" >\r\n\t \t\t\t<span class=\"  ult_crlink\" >\r\n\t\t\t\t\t<a  data-ultimate-target='#creative-link-wrap-2347 .ult_colorlink'  data-responsive-json-new='{\"font-size\":\"desktop:16px;\",\"line-height\":\"desktop:24px;\"}'  href=\"https:\/\/universeproduction.com\/de\/naehzimmer\/produkte\/damen-langarmshirt\/\" title=\"Ladies&#039; Longsleeve\"  class=\"ult_colorlink ult-responsive  vc_custom_1673117897215\" style=\"float:left;font-family:Open Sans;font-weight:normal; \"  data-textcolor=\"#acacac\" data-texthover=\"#2ec5cc\"data-style=\"\">\r\n\t\t\t\t\t\t\r\n\t\t\t\t\t\t<span data-hover=\"Damen Langarmshirt\" style=\"color:#acacac;;;\" class=\"ult_btn10_span   \">Damen Langarmshirt<\/span>\r\n\t\t\t\t\t\t\r\n\t\t\t\t\t<\/a>\r\n\t\t\t\t<\/span>\r\n\t\t\t<\/span>[\/vc_column_inner][\/vc_row_inner]<div class=\"porto-u-heading  wpb_custom_95aa9a11c17ad45cfabaf210d84ee7cc\" data-hspacer=\"no_spacer\" data-halign=\"left\" style=\"text-align:left\"><div class=\"porto-u-sub-heading\" style=\"font-family:Open Sans; font-weight:; font-style:; font-weight:400;color: #575757;margin-bottom:0px;font-size:14px;line-height:24px;letter-spacing:0px;\">Tailliertes Langarm-T-Shirt f\u00fcr Herren, modische L\u00e4nge, aus weicher und gl\u00e4nzender polnischer Baumwolle mit Verst\u00e4rkungsband am Hals.<\/p>\n<p>Halsausschnitt mit Elastan eingefasst, Seitenn\u00e4hte, kleines Gr\u00f6\u00dfenetikett im Kragen, W\u00e4scheetikett in der Seitennaht, Raglan\u00e4rmel oder gerade angen\u00e4hte \u00c4rmel.<\/p>\n<ul>\n<li>Das Produkt wird in Polen hergestellt;<\/li>\n<li>leicht, elastisch und luftig;<\/li>\n<li>weicher und angenehm zu ber\u00fchrender Stoff;<\/li>\n<li>Raglan\u00e4rmel;<\/li>\n<li>an die Karosserie angepasst;<\/li>\n<\/ul>\n<p><\/div><\/div>[vc_row_inner][vc_column_inner width=&#8220;1\/2&#8243;]<div class=\"porto-btn-ctn-left \"><a class=\"porto-btn porto-adjust-bottom-margin porto-btn-custom porto-btn-no-hover-bg  wpb_custom_fa51088c2567b780100c1edcf8821d3b  porto-btn-left \" title='Proposed clothing' rel='' href = \"https:\/\/www.universeproduction.com\/de\/kontakt\" target='_blank' data-hover=\"#ffffff\" data-border-color=\"\" data-bg=\"#2ec5cc\" data-hover-bg=\"#2ec5cc\" data-border-hover=\"\" data-shadow-click=\"none\" data-shadow=\"\" style=\"font-family:Open Sans; font-weight:400; font-style:normal; font-weight:400;font-size:14px;width:274px;min-height:40px;line-height:39px;border:none;background: #2ec5cc;color: #ffffff;\"><span class=\"porto-btn-hover\" style=\"background-color:#2ec5cc\"><\/span><span class=\"porto-btn-data porto-btn-text \" >FRAGEN SIE NACH DEM PRODUKT<\/span><\/a><\/div>[\/vc_column_inner][vc_column_inner width=&#8220;1\/2&#8243;][vc_single_image image=&#8220;2593&#8243; img_size=&#8220;74&#215;74&#8243; alignment=&#8220;right&#8220;][\/vc_column_inner][\/vc_row_inner][\/vc_column][\/vc_row][vc_row][vc_column]<div class=\"porto-u-heading  wpb_custom_0\" data-hspacer=\"no_spacer\" data-halign=\"center\" style=\"text-align:center\"><div class=\"porto-u-sub-heading\" style=\"\">\n<div id=\"contactBox\" style=\"margin-top: 40px;\">\n<div style=\"margin-bottom: 15px;\"><i class=\"fas fa-phone\" style=\"font-size: 21px; color: #575757;\"><\/i>\u00a0<a style=\"font-size: 21px; color: #575757;\" href=\"tel:+48733904144\">+48 733 904 144 ( <i class=\"fab fa-whatsapp\" style=\"font-size: 21px; color: #575757;\"><\/i> call WhatsApp )<\/a><\/div>\n<div><i class=\"fas fa-envelope\" style=\"font-size: 21px; color: #575757;\"><\/i>\u00a0<a style=\"font-size: 21px; color: #575757;\" href=\"mailto:sales@universeproduction.com\">sales@universeproduction.com<\/a><\/div>\n<\/div>\n<p><\/div><\/div><div class=\"porto-btn-ctn-center \"><a class=\"porto-btn  vc_custom_1673118354456 porto-adjust-bottom-margin porto-btn-normal porto-btn-no-hover-bg  wpb_custom_ff5ba0fb8e05f8ce50d4004993b68583  porto-btn-center \" title='WRITE TO US!' rel='' href = \"https:\/\/www.universeproduction.com\/de\/kontakt\" target='_blank' data-hover=\"\" data-border-color=\"\" data-bg=\"#2ec5cc\" data-hover-bg=\"#2ec5cc\" data-border-hover=\"\" data-shadow-click=\"none\" data-shadow=\"\" style=\"border:none;background: #2ec5cc;color: #ffffff;\"><span class=\"porto-btn-hover\" style=\"background-color:#2ec5cc\"><\/span><span class=\"porto-btn-data porto-btn-text \" >WRITE TO US!<\/span><\/a><\/div>[\/vc_column][\/vc_row][vc_row css=&#8220;.vc_custom_1606205534513{margin-top: 30px !important;margin-bottom: 50px !important;}&#8220;][vc_column width=&#8220;1\/2&#8243;][vc_single_image image=&#8220;2671&#8243; img_size=&#8220;460&#215;627&#8243; alignment=&#8220;center&#8220; parallax_scroll=&#8220;no&#8220;][\/vc_column][vc_column width=&#8220;1\/2&#8243;]<div class=\"porto-u-heading  wpb_custom_95aa9a11c17ad45cfabaf210d84ee7cc\" data-hspacer=\"line_only\" data-halign=\"left\" style=\"text-align:left\"><div class=\"porto-u-main-heading\"><h2   style=\"font-family:Open Sans; font-weight:; font-style:; font-weight:700;color:#231f20;margin-bottom: 15px;font-size:18px;line-height:24px;\">Produkt-Details<\/h2><\/div><div class=\"porto-u-heading-spacer line_only\" style=\"margin-bottom: 15px;height:1px;\"><span class=\"porto-u-headings-line\" style=\"border-style:solid;border-bottom-width:1px;border-color:#f2f2f2;width:auto;margin-left: 0\"><\/span><\/div><div class=\"porto-u-sub-heading\" style=\"font-family:Open Sans; font-weight:400; font-style:normal; font-weight:400;color: #575757;margin-bottom:0px;font-size:14px;line-height:30px;\"><strong>Code: TL01<br \/>\nSchnitt:<\/strong> angepasst oder andere auf Anfrage<br \/>\n<strong>Ausschnitt:<\/strong> Rund- oder V-Ausschnitt, mit zugesetztem Elastan<br \/>\n<strong>Zusammensetzung:<\/strong> 100 % Baumwolle<br \/>\n<strong>Pflegehinweise:<\/strong> Maschinenw\u00e4sche bei 30&#8217;C, Feinw\u00e4sche<br \/>\n<strong>Gewicht:<\/strong> von 150g bis 210g<br \/>\n<strong>Farbe: <u style=\"color: #2ec5cc;\"><span style=\"color: #2ec5cc;\">Siehe verf\u00fcgbare Farben<\/span><\/u><\/strong><br \/>\n<em><span style=\"font-size: 12px;\">*Wir f\u00e4rben den Stoff auch nach dem Pantone des Kunden<\/span><\/em><br \/>\n<a href=\"https:\/\/universeproduction.com\/de\/tags-und-zubehoer\"><strong><u style=\"color: #2ec5cc;\"><span style=\"color: #2ec5cc;\">Verf\u00fcgbare Materialien pr\u00fcfen<\/span><\/u><\/strong><\/a><br \/>\n<strong>Mindestbestellmenge:<\/strong> 50 Stk.<br \/>\n<strong>Lieferung:<\/strong> 2-3 Wochen<\/div><\/div><div class=\"porto-u-heading  wpb_custom_95aa9a11c17ad45cfabaf210d84ee7cc\" data-hspacer=\"line_only\" data-halign=\"left\" style=\"text-align:left\"><div class=\"porto-u-main-heading\"><h2   style=\"font-family:Open Sans; font-weight:300; font-style:normal; font-weight:700;color:#231f20;margin-bottom: 15px;font-size:18px;line-height:24px;\">Arten der Dekoration<\/h2><\/div><div class=\"porto-u-heading-spacer line_only\" style=\"margin-bottom: 15px;height:1px;\"><span class=\"porto-u-headings-line\" style=\"border-style:solid;border-bottom-width:1px;border-color:#f2f2f2;width:auto;margin-left: 0\"><\/span><\/div><div class=\"porto-u-sub-heading\" style=\"font-family:Open Sans; font-weight:; font-style:; font-weight:400;color: #575757;margin-bottom:0px;font-size:14px;line-height:30px;\"><strong>Aufdrucke:<\/strong> Siebdruck, 3D-Siebdruck, Flexfolie, Flockfolie, reflektierender Aufdruck, digitaler DTG-Aufdruck<br \/>\n<strong>Stickerei:<\/strong> Computer-Stickerei, 3D-Stickerei<br \/>\n<strong>Aufn\u00e4her:<\/strong> gestickt, gedruckt, elastomer,<\/p>\n<p><\/div><\/div><div class=\"porto-u-heading  wpb_custom_95aa9a11c17ad45cfabaf210d84ee7cc\" data-hspacer=\"line_only\" data-halign=\"left\" style=\"text-align:left\"><div class=\"porto-u-main-heading\"><h2   style=\"font-family:Open Sans; font-weight:; font-style:; font-weight:700;color:#231f20;margin-bottom: 15px;font-size:18px;line-height:24px;\">Gr\u00f6\u00dfentabelle<\/h2><\/div><div class=\"porto-u-heading-spacer line_only\" style=\"margin-bottom: 15px;height:1px;\"><span class=\"porto-u-headings-line\" style=\"border-style:solid;border-bottom-width:1px;border-color:#f2f2f2;width:auto;margin-left: 0\"><\/span><\/div><div class=\"porto-u-sub-heading\" style=\"font-family:Open Sans; font-weight:400; font-style:normal; font-weight:400;color: #575757;margin-bottom:0px;font-size:14px;line-height:30px;\"><strong><u style=\"color: #2ec5cc;\"><span style=\"color: #2ec5cc;\">Siehe verf\u00fcgbare Gr\u00f6\u00dfen<\/span><\/u><\/strong><\/p>\n<p><\/div><\/div>[\/vc_column][\/vc_row][vc_row css=&#8220;.vc_custom_1606133761505{margin-bottom: 50px !important;}&#8220;][vc_column width=&#8220;1\/2&#8243;][vc_single_image image=&#8220;2667&#8243; img_size=&#8220;455&#215;619&#8243; alignment=&#8220;center&#8220; parallax_scroll=&#8220;no&#8220;][\/vc_column][vc_column width=&#8220;1\/2&#8243;][vc_single_image image=&#8220;2669&#8243; img_size=&#8220;455&#215;619&#8243; alignment=&#8220;center&#8220; parallax_scroll=&#8220;no&#8220;][\/vc_column][\/vc_row][vc_row][vc_column width=&#8220;1\/2&#8243;][vc_single_image image=&#8220;2668&#8243; img_size=&#8220;455&#215;619&#8243; alignment=&#8220;center&#8220; parallax_scroll=&#8220;no&#8220;][\/vc_column][vc_column width=&#8220;1\/2&#8243;][vc_single_image image=&#8220;2670&#8243; img_size=&#8220;455&#215;619&#8243; alignment=&#8220;center&#8220; parallax_scroll=&#8220;no&#8220;][\/vc_column][\/vc_row][vc_row content_placement=&#8220;top&#8220; css=&#8220;.vc_custom_1606133169982{margin-top: 88px !important;}&#8220;][vc_column]<div class=\"porto-btn-ctn-center \"><a class=\"porto-btn porto-adjust-bottom-margin porto-btn-custom porto-btn-no-hover-bg  wpb_custom_fa51088c2567b780100c1edcf8821d3b  porto-btn-center \" title='Proposed clothing' rel='' href = \"https:\/\/www.universeproduction.com\/de\/kontakt\" target='_blank' data-hover=\"#ffffff\" data-border-color=\"\" data-bg=\"#2ec5cc\" data-hover-bg=\"#2ec5cc\" data-border-hover=\"\" data-shadow-click=\"none\" data-shadow=\"\" style=\"font-family:Open Sans; font-weight:400; font-style:normal; font-weight:400;font-size:14px;width:274px;min-height:40px;line-height:39px;border:none;background: #2ec5cc;color: #ffffff;\"><span class=\"porto-btn-hover\" style=\"background-color:#2ec5cc\"><\/span><span class=\"porto-btn-data porto-btn-text \" >FRAGEN SIE NACH DEM PRODUKT<\/span><\/a><\/div>[\/vc_column][\/vc_row]<\/p>\n","protected":false},"excerpt":{"rendered":"<p>[vc_row mobile_bg_img_hidden=&#8220;no&#8220; tablet_bg_img_hidden=&#8220;no&#8220; woodmart_parallax=&#8220;0&#8243; woodmart_gradient_switch=&#8220;no&#8220; row_reverse_mobile=&#8220;0&#8243; row_reverse_tablet=&#8220;0&#8243; woodmart_disable_overflow=&#8220;0&#8243; css=&#8220;.vc_custom_1617871602441{margin-top: 49px !important;}&#8220;][vc_column width=&#8220;1\/2&#8243; offset=&#8220;vc_col-lg-4&#8243;][vc_single_image image=&#8220;2594&#8243; img_size=&#8220;full&#8220; css=&#8220;.vc_custom_1620203640135{margin-bottom: 0px !important;border-bottom-width: 0px !important;padding-bottom: 0px !important;}&#8220; parallax_scroll=&#8220;no&#8220;][vc_wp_custommenu nav_menu=&#8220;185&#8243; el_class=&#8220;menu_menu&#8220;][\/vc_column][vc_column width=&#8220;1\/2&#8243; offset=&#8220;vc_col-lg-8&#8243;][vc_row_inner content_placement=&#8220;bottom&#8220;][vc_column_inner width=&#8220;1\/3&#8243; offset=&#8220;vc_col-lg-4&#8243;][\/vc_column_inner][vc_column_inner width=&#8220;1\/3&#8243; offset=&#8220;vc_col-lg-4&#8243;][\/vc_column_inner][\/vc_row_inner][vc_row_inner][vc_column_inner width=&#8220;1\/2&#8243;][\/vc_column_inner][vc_column_inner width=&#8220;1\/2&#8243;][vc_single_image image=&#8220;2593&#8243; img_size=&#8220;74&#215;74&#8243; alignment=&#8220;right&#8220;][\/vc_column_inner][\/vc_row_inner][\/vc_column][\/vc_row][vc_row][vc_column][\/vc_column][\/vc_row][vc_row css=&#8220;.vc_custom_1606205534513{margin-top: 30px !important;margin-bottom: 50px !important;}&#8220;][vc_column width=&#8220;1\/2&#8243;][vc_single_image image=&#8220;2671&#8243; img_size=&#8220;460&#215;627&#8243; alignment=&#8220;center&#8220; parallax_scroll=&#8220;no&#8220;][\/vc_column][vc_column width=&#8220;1\/2&#8243;][\/vc_column][\/vc_row][vc_row css=&#8220;.vc_custom_1606133761505{margin-bottom: 50px !important;}&#8220;][vc_column width=&#8220;1\/2&#8243;][vc_single_image image=&#8220;2667&#8243; img_size=&#8220;455&#215;619&#8243; alignment=&#8220;center&#8220; [&hellip;]<\/p>\n","protected":false},"author":1,"featured_media":0,"parent":733013,"menu_order":5,"comment_status":"closed","ping_status":"closed","template":"","meta":[],"_links":{"self":[{"href":"https:\/\/universeproduction.com\/de\/wp-json\/wp\/v2\/pages\/733049"}],"collection":[{"href":"https:\/\/universeproduction.com\/de\/wp-json\/wp\/v2\/pages"}],"about":[{"href":"https:\/\/universeproduction.com\/de\/wp-json\/wp\/v2\/types\/page"}],"author":[{"embeddable":true,"href":"https:\/\/universeproduction.com\/de\/wp-json\/wp\/v2\/users\/1"}],"replies":[{"embeddable":true,"href":"https:\/\/universeproduction.com\/de\/wp-json\/wp\/v2\/comments?post=733049"}],"version-history":[{"count":7,"href":"https:\/\/universeproduction.com\/de\/wp-json\/wp\/v2\/pages\/733049\/revisions"}],"predecessor-version":[{"id":1240229,"href":"https:\/\/universeproduction.com\/de\/wp-json\/wp\/v2\/pages\/733049\/revisions\/1240229"}],"up":[{"embeddable":true,"href":"https:\/\/universeproduction.com\/de\/wp-json\/wp\/v2\/pages\/733013"}],"wp:attachment":[{"href":"https:\/\/universeproduction.com\/de\/wp-json\/wp\/v2\/media?parent=733049"}],"curies":[{"name":"wp","href":"https:\/\/api.w.org\/{rel}","templated":true}]}}