{"id":732935,"date":"2021-10-14T20:35:02","date_gmt":"2021-10-14T20:35:02","guid":{"rendered":"https:\/\/universeproduction.eu\/tags-und-zubehoer\/"},"modified":"2023-05-31T12:38:17","modified_gmt":"2023-05-31T12:38:17","slug":"tags-und-zubehoer","status":"publish","type":"page","link":"https:\/\/universeproduction.com\/de\/naehzimmer\/tags-und-zubehoer\/","title":{"rendered":"Tags und Zubeh\u00f6r"},"content":{"rendered":"<p>[vc_row mobile_bg_img_hidden=&#8220;no&#8220; tablet_bg_img_hidden=&#8220;no&#8220; woodmart_parallax=&#8220;0&#8243; woodmart_gradient_switch=&#8220;no&#8220; row_reverse_mobile=&#8220;0&#8243; row_reverse_tablet=&#8220;0&#8243; woodmart_disable_overflow=&#8220;0&#8243; css=&#8220;.vc_custom_1617871602441{margin-top: 49px !important;}&#8220;][vc_column width=&#8220;1\/2&#8243; offset=&#8220;vc_col-lg-4&#8243;]<div class=\"porto-u-heading  wpb_custom_95aa9a11c17ad45cfabaf210d84ee7cc\" data-hspacer=\"no_spacer\" data-halign=\"left\" style=\"text-align:left\"><div class=\"porto-u-main-heading\"><h2   style=\"font-family:Open Sans; font-weight:700; font-style:normal; font-weight:700;color:#231f20;margin-bottom: 20px;font-size:22px;line-height:30px;\">N\u00e4hen<\/h2><\/div><\/div>[vc_single_image image=&#8220;2594&#8243; img_size=&#8220;full&#8220; css=&#8220;.vc_custom_1619096072886{margin-bottom: 0px !important;border-bottom-width: 0px !important;padding-bottom: 0px !important;}&#8220; parallax_scroll=&#8220;no&#8220;][vc_wp_custommenu nav_menu=&#8220;185&#8243; el_class=&#8220;menu_menu&#8220;][\/vc_column][vc_column width=&#8220;1\/2&#8243; offset=&#8220;vc_col-lg-8&#8243;]<div class=\"porto-u-heading  wpb_custom_f15c1785b05ccd3bb08f72551ac6d671\" data-hspacer=\"no_spacer\" data-halign=\"center\" style=\"text-align:center\"><div class=\"porto-u-main-heading\"><h1   style=\"color:#231f20;margin-bottom: 20px;\">Tags und Zubeh\u00f6r<\/h1><\/div><div class=\"porto-u-sub-heading\" style=\"font-family:Open Sans; font-weight:; font-style:; font-weight:400;color: #575757;margin-bottom:0px;font-size:14px;line-height:24px;letter-spacing:0px;\">\n<p style=\"text-align: center;\">HERSTELLUNG VON SATIN-, JACQUARD- UND BEDRUCKTEN KLEIDUNGSANH\u00c4NGEN<\/p>\n<p style=\"text-align: center;\">Unser Angebot umfasst ein umfassendes Sortiment an Kurzwaren-Accessoires, die personalisierten Projekten Prestige und individuellen Charakter verleihen. Wir bieten auch das N\u00e4hen von Kleidungsst\u00fccken mit Etiketten nach Ihrem Design und das Ersetzen von Etiketten in Konfektionskleidung an.<\/p>\n<p><\/div><\/div>[vc_separator][vc_column_text css=&#8220;.vc_custom_1685533004286{padding-top: 30px !important;}&#8220;]<\/p>\n<p style=\"text-align: center;\">Schauen Sie sich unser Angebot an mit Etiketten gen\u00e4hter Kleidung an<\/p>\n<p>[\/vc_column_text][vc_row_inner][vc_column_inner width=&#8220;1\/2&#8243;]<div class=\"porto-btn-ctn-center \"><a class=\"porto-btn porto-adjust-bottom-margin porto-btn-custom porto-btn-fade-bg  wpb_custom_fa51088c2567b780100c1edcf8821d3b  porto-btn-center \" title='N\u00e4hen von Baumwollkleidung' rel='' href = \"https:\/\/universeproduction.com\/de\/t-shirts\/\"  data-hover=\"\" data-border-color=\"\" data-bg=\"#2ec5cc\" data-hover-bg=\"#000000\" data-border-hover=\"\" data-shadow-click=\"none\" data-shadow=\"\" style=\"width:274px;min-height:40px;line-height:39px;border:none;background: #2ec5cc;color: #ffffff;\"><span class=\"porto-btn-hover\" style=\"background-color:#000000\"><\/span><span class=\"porto-btn-data porto-btn-text \" >N\u00e4hen von Baumwollkleidung<\/span><\/a><\/div>[\/vc_column_inner][vc_column_inner width=&#8220;1\/2&#8243;]<div class=\"porto-btn-ctn-center \"><a class=\"porto-btn porto-adjust-bottom-margin porto-btn-custom porto-btn-fade-bg  wpb_custom_fa51088c2567b780100c1edcf8821d3b  porto-btn-center \" title='N\u00e4hen von Baumwollkleidung' rel='' href = \"https:\/\/universeproduction.com\/de\/odziez-sportowa-fullprint\/\"  data-hover=\"\" data-border-color=\"\" data-bg=\"#2ec5cc\" data-hover-bg=\"#000000\" data-border-hover=\"\" data-shadow-click=\"none\" data-shadow=\"\" style=\"width:274px;min-height:40px;line-height:39px;border:none;background: #2ec5cc;color: #ffffff;\"><span class=\"porto-btn-hover\" style=\"background-color:#000000\"><\/span><span class=\"porto-btn-data porto-btn-text \" >N\u00c4HEN VON FULLPRINT SPORTSWEAR<\/span><\/a><\/div>[\/vc_column_inner][\/vc_row_inner][\/vc_column][\/vc_row][vc_row gap=&#8220;35&#8243; css=&#8220;.vc_custom_1606987395237{margin-top: 30px !important;}&#8220;][vc_column css=&#8220;.vc_custom_1607074487839{margin-top: 0px !important;margin-bottom: 0px !important;border-top-width: 0px !important;border-bottom-width: 0px !important;padding-top: 0px !important;padding-bottom: 0px !important;}&#8220;]<div class=\"porto-u-heading  wpb_custom_34613dad3b15705159ac63765b50feff\" data-hspacer=\"no_spacer\" data-halign=\"left\" style=\"text-align:left\"><div class=\"porto-u-main-heading\"><h2   style=\"margin-bottom: 20px;\">Tags<\/h2><\/div><\/div>[vc_single_image image=&#8220;1241398&#8243; img_size=&#8220;full&#8220; css=&#8220;.vc_custom_1685535316006{margin-bottom: 0px !important;border-bottom-width: 0px !important;padding-bottom: 0px !important;}&#8220; parallax_scroll=&#8220;no&#8220;][vc_row_inner css=&#8220;.vc_custom_1618229532883{padding-top: 35px !important;}&#8220;][vc_column_inner width=&#8220;1\/2&#8243; offset=&#8220;vc_col-lg-4&#8243;]<div id=\"ultimate-heading-79269d2859f236f4\" class=\"uvc-heading ult-adjust-bottom-margin ultimate-heading-79269d2859f236f4 uvc-1322 \" data-hspacer=\"no_spacer\"  data-halign=\"left\" style=\"text-align:left\"><div class=\"uvc-heading-spacer no_spacer\" style=\"top\"><\/div><div class=\"uvc-main-heading ult-responsive\"  data-ultimate-target='.uvc-heading.ultimate-heading-79269d2859f236f4 h2'  data-responsive-json-new='{\"font-size\":\"desktop:16px;\",\"line-height\":\"desktop:24px;\"}' ><h2 style=\"font-family:&#039;Open Sans&#039;;font-weight:700;color:#575757;margin-bottom:25px;\">Jacquard-Etiketten<\/h2><\/div><div class=\"uvc-sub-heading ult-responsive\"  data-ultimate-target='.uvc-heading.ultimate-heading-79269d2859f236f4 .uvc-sub-heading '  data-responsive-json-new='{\"font-size\":\"desktop:14px;\",\"line-height\":\"desktop:24px;\"}'  style=\"font-family:&#039;Open Sans&#039;;font-weight:normal;color:#575757;\">Jacquard-Etiketten sind die am h\u00e4ufigsten verwendeten Etiketten in der Bekleidungsproduktion. Sie sind perfekt geeignet, um hochwertige Grafiken und Logos darauf zu platzieren. Sie sind auch entsprechend langlebig und werden auch bei l\u00e4ngerem Gebrauch nicht besch\u00e4digt.<\/div><\/div>[\/vc_column_inner][vc_column_inner width=&#8220;1\/2&#8243; offset=&#8220;vc_col-lg-8&#8243;][vc_single_image image=&#8220;2604&#8243; img_size=&#8220;full&#8220; alignment=&#8220;right&#8220; parallax_scroll=&#8220;no&#8220;][\/vc_column_inner][\/vc_row_inner][vc_row_inner css=&#8220;.vc_custom_1618229538916{margin-top: 0px !important;margin-bottom: 0px !important;border-top-width: 0px !important;border-bottom-width: 0px !important;padding-top: 35px !important;padding-bottom: 0px !important;}&#8220; row_reverse_mobile=&#8220;1&#8243; row_reverse_tablet=&#8220;0&#8243;][vc_column_inner el_class=&#8220;order-last order-md-first&#8220; width=&#8220;1\/2&#8243; offset=&#8220;vc_col-lg-8&#8243;][vc_single_image image=&#8220;2603&#8243; img_size=&#8220;576&#215;360&#8243; parallax_scroll=&#8220;no&#8220;][\/vc_column_inner][vc_column_inner width=&#8220;1\/2&#8243; offset=&#8220;vc_col-lg-4&#8243;]<div id=\"ultimate-heading-902969d2859f23776\" class=\"uvc-heading ult-adjust-bottom-margin ultimate-heading-902969d2859f23776 uvc-2549 \" data-hspacer=\"no_spacer\"  data-halign=\"left\" style=\"text-align:left\"><div class=\"uvc-heading-spacer no_spacer\" style=\"top\"><\/div><div class=\"uvc-main-heading ult-responsive\"  data-ultimate-target='.uvc-heading.ultimate-heading-902969d2859f23776 h2'  data-responsive-json-new='{\"font-size\":\"desktop:16px;\",\"line-height\":\"desktop:24px;\"}' ><h2 style=\"font-family:&#039;Open Sans&#039;;font-weight:700;color:#575757;margin-bottom:25px;\">Bedruckte Satin-Anh\u00e4nger<\/h2><\/div><\/div>[\/vc_column_inner][\/vc_row_inner][vc_row_inner css=&#8220;.vc_custom_1618229545599{margin-top: 0px !important;margin-bottom: 0px !important;border-top-width: 0px !important;border-bottom-width: 0px !important;padding-top: 35px !important;padding-bottom: 0px !important;}&#8220;][vc_column_inner width=&#8220;1\/2&#8243; offset=&#8220;vc_col-lg-4&#8243;]<div id=\"ultimate-heading-513469d2859f237d2\" class=\"uvc-heading ult-adjust-bottom-margin ultimate-heading-513469d2859f237d2 uvc-649 \" data-hspacer=\"no_spacer\"  data-halign=\"left\" style=\"text-align:left\"><div class=\"uvc-heading-spacer no_spacer\" style=\"top\"><\/div><div class=\"uvc-main-heading ult-responsive\"  data-ultimate-target='.uvc-heading.ultimate-heading-513469d2859f237d2 h2'  data-responsive-json-new='{\"font-size\":\"desktop:16px;\",\"line-height\":\"desktop:24px;\"}' ><h2 style=\"font-family:&#039;Open Sans&#039;;font-weight:700;color:#575757;margin-bottom:25px;\">Siebgedruckte Etiketten<\/h2><\/div><\/div>[\/vc_column_inner][vc_column_inner width=&#8220;1\/2&#8243; offset=&#8220;vc_col-lg-8&#8243;][vc_single_image image=&#8220;2599&#8243; img_size=&#8220;576&#215;360&#8243; alignment=&#8220;right&#8220; parallax_scroll=&#8220;no&#8220;][\/vc_column_inner][\/vc_row_inner][\/vc_column][\/vc_row][vc_row css=&#8220;.vc_custom_1607075759547{margin-top: 0px !important;margin-bottom: 0px !important;border-top-width: 0px !important;border-bottom-width: 0px !important;padding-top: 0px !important;padding-bottom: 0px !important;}&#8220;][vc_column css=&#8220;.vc_custom_1607075767714{margin-bottom: 0px !important;border-bottom-width: 0px !important;padding-bottom: 0px !important;}&#8220;]<div class=\"porto-u-heading  wpb_custom_95aa9a11c17ad45cfabaf210d84ee7cc\" data-hspacer=\"no_spacer\" data-halign=\"left\" style=\"text-align:left\"><div class=\"porto-u-main-heading\"><h2   style=\"font-family:Open Sans; font-weight:700; font-style:normal; font-weight:700;color:#231f20;margin-bottom: 20px;font-size:22px;line-height:30px;\">Zubeh\u00f6r und Erweiterungen<\/h2><\/div><\/div>[vc_single_image image=&#8220;2596&#8243; img_size=&#8220;full&#8220; css=&#8220;.vc_custom_1619096268081{margin-bottom: 0px !important;border-bottom-width: 0px !important;padding-bottom: 0px !important;}&#8220; parallax_scroll=&#8220;no&#8220;][\/vc_column][\/vc_row][vc_row gap=&#8220;35&#8243; css=&#8220;.vc_custom_1607075751550{margin-top: 0px !important;border-top-width: 0px !important;padding-top: 0px !important;}&#8220;][vc_column css=&#8220;.vc_custom_1607074487839{margin-top: 0px !important;margin-bottom: 0px !important;border-top-width: 0px !important;border-bottom-width: 0px !important;padding-top: 0px !important;padding-bottom: 0px !important;}&#8220;][vc_row_inner css=&#8220;.vc_custom_1618229557431{margin-top: 0px !important;margin-bottom: 0px !important;border-top-width: 0px !important;border-bottom-width: 0px !important;padding-top: 35px !important;padding-bottom: 0px !important;}&#8220; row_reverse_mobile=&#8220;1&#8243; row_reverse_tablet=&#8220;0&#8243;][vc_column_inner el_class=&#8220;order-last order-md-first&#8220; width=&#8220;1\/2&#8243; offset=&#8220;vc_col-lg-8&#8243;][vc_single_image image=&#8220;2600&#8243; img_size=&#8220;576&#215;360&#8243; parallax_scroll=&#8220;no&#8220;][\/vc_column_inner][vc_column_inner width=&#8220;1\/2&#8243; offset=&#8220;vc_col-lg-4&#8243;]<div id=\"ultimate-heading-363469d2859f23a41\" class=\"uvc-heading ult-adjust-bottom-margin ultimate-heading-363469d2859f23a41 uvc-9205 \" data-hspacer=\"no_spacer\"  data-halign=\"left\" style=\"text-align:left\"><div class=\"uvc-heading-spacer no_spacer\" style=\"top\"><\/div><div class=\"uvc-main-heading ult-responsive\"  data-ultimate-target='.uvc-heading.ultimate-heading-363469d2859f23a41 h2'  data-responsive-json-new='{\"font-size\":\"desktop:16px;\",\"line-height\":\"desktop:24px;\"}' ><h2 style=\"font-family:&#039;Open Sans&#039;;font-weight:700;color:#575757;margin-top:10px;margin-bottom:25px;\">Karton-Etiketten (Hangtags)<\/h2><\/div><div class=\"uvc-sub-heading ult-responsive\"  data-ultimate-target='.uvc-heading.ultimate-heading-363469d2859f23a41 .uvc-sub-heading '  data-responsive-json-new='{\"font-size\":\"desktop:14px;\",\"line-height\":\"desktop:24px;\"}'  style=\"font-family:&#039;Open Sans&#039;;font-weight:normal;color:#575757;\">Wir produzieren Kartonetiketten mit Logos, die mit einer Schnur befestigt werden, die unter das Etikett geh\u00e4ngt wird, oder mit einer Schnur, die direkt am Kleidungsst\u00fcck befestigt wird.<\/p>\n<p>Etiketten sind eine gute und kosteng\u00fcnstige M\u00f6glichkeit, Kleidung zu unterscheiden und zu variieren. Wir stellen Anh\u00e4nger mit einer Schnur auf verschiedenen Papiersorten her, darunter nat\u00fcrliches \u00d6ko&#8220;-Papier, in individuellen Formen nach der Stanzung.&#8220;<\/div><\/div>[\/vc_column_inner][\/vc_row_inner][vc_row_inner css=&#8220;.vc_custom_1618229562886{padding-top: 35px !important;}&#8220;][vc_column_inner width=&#8220;1\/2&#8243; offset=&#8220;vc_col-lg-4&#8243;]<div id=\"ultimate-heading-442669d2859f23aa8\" class=\"uvc-heading ult-adjust-bottom-margin ultimate-heading-442669d2859f23aa8 uvc-9139 \" data-hspacer=\"no_spacer\"  data-halign=\"left\" style=\"text-align:left\"><div class=\"uvc-heading-spacer no_spacer\" style=\"top\"><\/div><div class=\"uvc-main-heading ult-responsive\"  data-ultimate-target='.uvc-heading.ultimate-heading-442669d2859f23aa8 h2'  data-responsive-json-new='{\"font-size\":\"desktop:16px;\",\"line-height\":\"desktop:24px;\"}' ><h2 style=\"font-family:&#039;Open Sans&#039;;font-weight:700;color:#575757;margin-top:30px;margin-bottom:25px;\">Gummipflaster - Elastometer<\/h2><\/div><div class=\"uvc-sub-heading ult-responsive\"  data-ultimate-target='.uvc-heading.ultimate-heading-442669d2859f23aa8 .uvc-sub-heading '  data-responsive-json-new='{\"font-size\":\"desktop:14px;\",\"line-height\":\"desktop:24px;\"}'  style=\"font-family:&#039;Open Sans&#039;;font-weight:normal;color:#575757;\">Elastomer-Patches werden aus PVC hergestellt, so dass die M\u00f6glichkeit besteht, mehrere Farbschichten aufzutragen und Konvexit\u00e4t und Dreidimensionalit\u00e4t zu erzielen. Elastomere sind langlebig und wasserbest\u00e4ndig.<\/p>\n<p>Fertige Aufn\u00e4her werden auf die Kleidung gen\u00e4ht oder mit einem speziellen Kleber aufgeklebt. Neben den Standardaufn\u00e4hern bieten wir auch Gummiaufn\u00e4her mit fluoreszierendem Effekt und Aufn\u00e4her, die im Dunkeln leuchten.<\/div><\/div>[\/vc_column_inner][vc_column_inner width=&#8220;1\/2&#8243; offset=&#8220;vc_col-lg-8&#8243;][vc_single_image image=&#8220;2606&#8243; img_size=&#8220;full&#8220; alignment=&#8220;right&#8220; parallax_scroll=&#8220;no&#8220;][\/vc_column_inner][\/vc_row_inner][vc_row_inner disable_element=&#8220;yes&#8220; css=&#8220;.vc_custom_1612432839595{margin-top: 0px !important;margin-bottom: 0px !important;border-top-width: 0px !important;border-bottom-width: 0px !important;padding-top: 0px !important;padding-bottom: 0px !important;}&#8220; row_reverse_mobile=&#8220;1&#8243; row_reverse_tablet=&#8220;0&#8243;][vc_column_inner width=&#8220;1\/2&#8243; offset=&#8220;vc_col-lg-8&#8243;][\/vc_column_inner][vc_column_inner width=&#8220;1\/2&#8243; offset=&#8220;vc_col-lg-4&#8243;]<div id=\"ultimate-heading-450469d2859f23b05\" class=\"uvc-heading ult-adjust-bottom-margin ultimate-heading-450469d2859f23b05 uvc-1542 \" data-hspacer=\"no_spacer\"  data-halign=\"left\" style=\"text-align:left\"><div class=\"uvc-heading-spacer no_spacer\" style=\"top\"><\/div><div class=\"uvc-main-heading ult-responsive\"  data-ultimate-target='.uvc-heading.ultimate-heading-450469d2859f23b05 h2'  data-responsive-json-new='{\"font-size\":\"desktop:16px;\",\"line-height\":\"desktop:24px;\"}' ><h2 style=\"font-family:&#039;Open Sans&#039;;font-weight:700;color:#575757;margin-top:30px;margin-bottom:25px;\">Sublimierte Abzeichen<\/h2><\/div><\/div>[\/vc_column_inner][\/vc_row_inner][vc_row_inner css=&#8220;.vc_custom_1618229569662{margin-top: 0px !important;margin-bottom: 0px !important;border-top-width: 0px !important;border-bottom-width: 0px !important;padding-top: 35px !important;padding-bottom: 0px !important;}&#8220;][vc_column_inner width=&#8220;1\/2&#8243; offset=&#8220;vc_col-lg-4&#8243;]<div id=\"ultimate-heading-600569d2859f23b5a\" class=\"uvc-heading ult-adjust-bottom-margin ultimate-heading-600569d2859f23b5a uvc-2341 \" data-hspacer=\"no_spacer\"  data-halign=\"left\" style=\"text-align:left\"><div class=\"uvc-heading-spacer no_spacer\" style=\"top\"><\/div><div class=\"uvc-main-heading ult-responsive\"  data-ultimate-target='.uvc-heading.ultimate-heading-600569d2859f23b5a h2'  data-responsive-json-new='{\"font-size\":\"desktop:16px;\",\"line-height\":\"desktop:24px;\"}' ><h2 style=\"font-family:&#039;Open Sans&#039;;font-weight:700;color:#575757;margin-top:30px;margin-bottom:25px;\">Bestickte Aufn\u00e4her<\/h2><\/div><div class=\"uvc-sub-heading ult-responsive\"  data-ultimate-target='.uvc-heading.ultimate-heading-600569d2859f23b5a .uvc-sub-heading '  data-responsive-json-new='{\"font-size\":\"desktop:14px;\",\"line-height\":\"desktop:24px;\"}'  style=\"font-family:&#039;Open Sans&#039;;font-weight:normal;color:#575757;\">Wir haben eine der besten Stickereimaschinen der Welt &#8211; Barudan Tajima. Dank unserem guten technologischen Hintergrund k\u00f6nnen wir auch die schwierigsten Entw\u00fcrfe wie Wappen, d\u00fcnne Elemente, 3D-Muster anfertigen.<br \/>\nWir haben eine der besten Stickereimaschinen der Welt &#8211; Barudan Tajima. Dank unserem guten technologischen Hintergrund k\u00f6nnen wir auch die schwierigsten Entw\u00fcrfe wie Wappen, d\u00fcnne Elemente, 3D-Muster anfertigen. Das Standard-Substrat f\u00fcr gestickte Aufn\u00e4her ist Filz in einer breiten Palette von Farben oder Denim.<\/p>\n<p>Am h\u00e4ufigsten machen wir gestickte Aufn\u00e4her auf M\u00fctzen, Hemden, Sweatshirts sowie auf Arbeitskleidung.<\/div><\/div>[\/vc_column_inner][vc_column_inner width=&#8220;1\/2&#8243; offset=&#8220;vc_col-lg-8&#8243;][vc_single_image image=&#8220;2601&#8243; img_size=&#8220;576&#215;360&#8243; alignment=&#8220;right&#8220; parallax_scroll=&#8220;no&#8220;][\/vc_column_inner][\/vc_row_inner][vc_row_inner css=&#8220;.vc_custom_1618229587850{margin-top: 0px !important;margin-bottom: 0px !important;border-top-width: 0px !important;border-bottom-width: 0px !important;padding-top: 35px !important;padding-bottom: 0px !important;}&#8220; row_reverse_mobile=&#8220;1&#8243; row_reverse_tablet=&#8220;0&#8243;][vc_column_inner el_class=&#8220;order-last order-md-first&#8220; width=&#8220;1\/2&#8243; offset=&#8220;vc_col-lg-8&#8243;][vc_single_image image=&#8220;2608&#8243; img_size=&#8220;576&#215;360&#8243; parallax_scroll=&#8220;no&#8220;][\/vc_column_inner][vc_column_inner width=&#8220;1\/2&#8243; offset=&#8220;vc_col-lg-4&#8243;]<div id=\"ultimate-heading-921469d2859f23bb0\" class=\"uvc-heading ult-adjust-bottom-margin ultimate-heading-921469d2859f23bb0 uvc-7001 \" data-hspacer=\"no_spacer\"  data-halign=\"left\" style=\"text-align:left\"><div class=\"uvc-heading-spacer no_spacer\" style=\"top\"><\/div><div class=\"uvc-main-heading ult-responsive\"  data-ultimate-target='.uvc-heading.ultimate-heading-921469d2859f23bb0 h2'  data-responsive-json-new='{\"font-size\":\"desktop:16px;\",\"line-height\":\"desktop:24px;\"}' ><h2 style=\"font-family:&#039;Open Sans&#039;;font-weight:700;color:#575757;margin-top:75px;margin-bottom:25px;\">Strings<\/h2><\/div><div class=\"uvc-sub-heading ult-responsive\"  data-ultimate-target='.uvc-heading.ultimate-heading-921469d2859f23bb0 .uvc-sub-heading '  data-responsive-json-new='{\"font-size\":\"desktop:14px;\",\"line-height\":\"desktop:24px;\"}'  style=\"font-family:&#039;Open Sans&#039;;font-weight:normal;color:#575757;\">Das Kurzwaren-Element f\u00fcr Hoodies oder Hosen. Runde und flache Schn\u00fcrsenkel sind in vielen Farben und Mustern erh\u00e4ltlich.<\/p>\n<p>Ma\u00dfanfertigung auf individuelle Bestellung m\u00f6glich.<\/div><\/div>[\/vc_column_inner][\/vc_row_inner][vc_row_inner css=&#8220;.vc_custom_1618229594033{margin-top: 0px !important;margin-bottom: 0px !important;border-top-width: 0px !important;border-bottom-width: 0px !important;padding-top: 35px !important;padding-bottom: 0px !important;}&#8220;][vc_column_inner width=&#8220;1\/2&#8243; offset=&#8220;vc_col-lg-4&#8243;]<div id=\"ultimate-heading-772869d2859f23c16\" class=\"uvc-heading ult-adjust-bottom-margin ultimate-heading-772869d2859f23c16 uvc-2773 \" data-hspacer=\"no_spacer\"  data-halign=\"left\" style=\"text-align:left\"><div class=\"uvc-heading-spacer no_spacer\" style=\"top\"><\/div><div class=\"uvc-main-heading ult-responsive\"  data-ultimate-target='.uvc-heading.ultimate-heading-772869d2859f23c16 h2'  data-responsive-json-new='{\"font-size\":\"desktop:16px;\",\"line-height\":\"desktop:24px;\"}' ><h2 style=\"font-family:&#039;Open Sans&#039;;font-weight:700;color:#575757;margin-top:75px;margin-bottom:25px;\">Gewebter Gummi mit Dekoration<\/h2><\/div><div class=\"uvc-sub-heading ult-responsive\"  data-ultimate-target='.uvc-heading.ultimate-heading-772869d2859f23c16 .uvc-sub-heading '  data-responsive-json-new='{\"font-size\":\"desktop:14px;\",\"line-height\":\"desktop:24px;\"}'  style=\"font-family:&#039;Open Sans&#039;;font-weight:normal;color:#575757;\">Es wird als zus\u00e4tzliches Element zum Kleidungsst\u00fcck hergestellt, um die Personalisierung zu betonen.<\/p>\n<p>Jede Dekoration wird durch Sublimation nach dem Design des Kunden angebracht.<\/div><\/div>[\/vc_column_inner][vc_column_inner width=&#8220;1\/2&#8243; offset=&#8220;vc_col-lg-8&#8243;][vc_single_image image=&#8220;2598&#8243; img_size=&#8220;576&#215;360&#8243; alignment=&#8220;right&#8220; parallax_scroll=&#8220;no&#8220;][\/vc_column_inner][\/vc_row_inner][vc_row_inner css=&#8220;.vc_custom_1618229587850{margin-top: 0px !important;margin-bottom: 0px !important;border-top-width: 0px !important;border-bottom-width: 0px !important;padding-top: 35px !important;padding-bottom: 0px !important;}&#8220; row_reverse_mobile=&#8220;1&#8243; row_reverse_tablet=&#8220;0&#8243;][vc_column_inner el_class=&#8220;order-last order-md-first&#8220; width=&#8220;1\/2&#8243; offset=&#8220;vc_col-lg-8&#8243;][vc_single_image image=&#8220;2602&#8243; img_size=&#8220;576&#215;360&#8243; parallax_scroll=&#8220;no&#8220;][\/vc_column_inner][vc_column_inner width=&#8220;1\/2&#8243; offset=&#8220;vc_col-lg-4&#8243;]<div id=\"ultimate-heading-970269d2859f23c6c\" class=\"uvc-heading ult-adjust-bottom-margin ultimate-heading-970269d2859f23c6c uvc-4659 \" data-hspacer=\"no_spacer\"  data-halign=\"left\" style=\"text-align:left\"><div class=\"uvc-heading-spacer no_spacer\" style=\"top\"><\/div><div class=\"uvc-main-heading ult-responsive\"  data-ultimate-target='.uvc-heading.ultimate-heading-970269d2859f23c6c h2'  data-responsive-json-new='{\"font-size\":\"desktop:16px;\",\"line-height\":\"desktop:24px;\"}' ><h2 style=\"font-family:&#039;Open Sans&#039;;font-weight:700;color:#575757;margin-top:75px;margin-bottom:25px;\">Aufh\u00e4nger f\u00fcr Rei\u00dfverschl\u00fcsse<\/h2><\/div><div class=\"uvc-sub-heading ult-responsive\"  data-ultimate-target='.uvc-heading.ultimate-heading-970269d2859f23c6c .uvc-sub-heading '  data-responsive-json-new='{\"font-size\":\"desktop:14px;\",\"line-height\":\"desktop:24px;\"}'  style=\"font-family:&#039;Open Sans&#039;;font-weight:normal;color:#575757;\">Rei\u00dfverschlussb\u00fcgel f\u00fcr Jacken, Sweatshirts oder Taschen, die nicht nur sch\u00f6n, sondern auch sehr praktisch und bequem sind. Der Anh\u00e4nger kann individuell mit Ihrem Firmenlogo gestaltet werden.<\/div><\/div>[\/vc_column_inner][\/vc_row_inner][\/vc_column][\/vc_row]<\/p>\n","protected":false},"excerpt":{"rendered":"<p>[vc_row mobile_bg_img_hidden=&#8220;no&#8220; tablet_bg_img_hidden=&#8220;no&#8220; woodmart_parallax=&#8220;0&#8243; woodmart_gradient_switch=&#8220;no&#8220; row_reverse_mobile=&#8220;0&#8243; row_reverse_tablet=&#8220;0&#8243; woodmart_disable_overflow=&#8220;0&#8243; css=&#8220;.vc_custom_1617871602441{margin-top: 49px !important;}&#8220;][vc_column width=&#8220;1\/2&#8243; offset=&#8220;vc_col-lg-4&#8243;][vc_single_image image=&#8220;2594&#8243; img_size=&#8220;full&#8220; css=&#8220;.vc_custom_1619096072886{margin-bottom: 0px !important;border-bottom-width: 0px !important;padding-bottom: 0px !important;}&#8220; parallax_scroll=&#8220;no&#8220;][vc_wp_custommenu nav_menu=&#8220;185&#8243; el_class=&#8220;menu_menu&#8220;][\/vc_column][vc_column width=&#8220;1\/2&#8243; offset=&#8220;vc_col-lg-8&#8243;][vc_separator][vc_column_text css=&#8220;.vc_custom_1685533004286{padding-top: 30px !important;}&#8220;] Schauen Sie sich unser Angebot an mit Etiketten gen\u00e4hter Kleidung an [\/vc_column_text][vc_row_inner][vc_column_inner width=&#8220;1\/2&#8243;][\/vc_column_inner][vc_column_inner width=&#8220;1\/2&#8243;][\/vc_column_inner][\/vc_row_inner][\/vc_column][\/vc_row][vc_row gap=&#8220;35&#8243; css=&#8220;.vc_custom_1606987395237{margin-top: 30px !important;}&#8220;][vc_column css=&#8220;.vc_custom_1607074487839{margin-top: 0px !important;margin-bottom: 0px !important;border-top-width: 0px !important;border-bottom-width: [&hellip;]<\/p>\n","protected":false},"author":1,"featured_media":0,"parent":732982,"menu_order":8,"comment_status":"closed","ping_status":"closed","template":"","meta":[],"_links":{"self":[{"href":"https:\/\/universeproduction.com\/de\/wp-json\/wp\/v2\/pages\/732935"}],"collection":[{"href":"https:\/\/universeproduction.com\/de\/wp-json\/wp\/v2\/pages"}],"about":[{"href":"https:\/\/universeproduction.com\/de\/wp-json\/wp\/v2\/types\/page"}],"author":[{"embeddable":true,"href":"https:\/\/universeproduction.com\/de\/wp-json\/wp\/v2\/users\/1"}],"replies":[{"embeddable":true,"href":"https:\/\/universeproduction.com\/de\/wp-json\/wp\/v2\/comments?post=732935"}],"version-history":[{"count":11,"href":"https:\/\/universeproduction.com\/de\/wp-json\/wp\/v2\/pages\/732935\/revisions"}],"predecessor-version":[{"id":1241402,"href":"https:\/\/universeproduction.com\/de\/wp-json\/wp\/v2\/pages\/732935\/revisions\/1241402"}],"up":[{"embeddable":true,"href":"https:\/\/universeproduction.com\/de\/wp-json\/wp\/v2\/pages\/732982"}],"wp:attachment":[{"href":"https:\/\/universeproduction.com\/de\/wp-json\/wp\/v2\/media?parent=732935"}],"curies":[{"name":"wp","href":"https:\/\/api.w.org\/{rel}","templated":true}]}}