{"id":732901,"date":"2021-10-14T18:09:50","date_gmt":"2021-10-14T18:09:50","guid":{"rendered":"https:\/\/universeproduction.eu\/oekologie\/"},"modified":"2021-10-14T18:09:55","modified_gmt":"2021-10-14T18:09:55","slug":"oekologie","status":"publish","type":"page","link":"https:\/\/universeproduction.com\/de\/oekologie\/","title":{"rendered":"\u00d6kologie"},"content":{"rendered":"<p>[vc_row css=&#8220;.vc_custom_1625043689092{margin-top: 100px !important;}&#8220;][vc_column offset=&#8220;vc_col-lg-offset-1 vc_col-lg-10 vc_col-md-offset-1 vc_col-md-10 vc_col-sm-offset-0 vc_col-xs-12&#8243;]<div class=\"porto-u-heading  wpb_custom_b403ec8d883d0141e4f365a75ccaf619\" data-hspacer=\"no_spacer\" data-halign=\"center\" style=\"text-align:center\"><div class=\"porto-u-sub-heading\" style=\"color: #575757;\">Wir sind uns der gemeinsamen Verantwortung f\u00fcr den Zustand unseres Planeten bewusst. Wir beteiligen uns aktiv daran, die Natur zu respektieren und \u00f6kologische L\u00f6sungen im Produktionsprozess zu verwenden.<\/div><\/div>[\/vc_column][\/vc_row][vc_row full_width=&#8220;stretch_row&#8220; full_height=&#8220;yes&#8220; equal_height=&#8220;yes&#8220; content_placement=&#8220;middle&#8220; text_align=&#8220;justify&#8220; animation_type=&#8220;fadeInUp&#8220;][vc_column width=&#8220;2\/3&#8243; offset=&#8220;vc_col-lg-offset-1 vc_col-md-offset-1 vc_col-sm-offset-1 vc_col-xs-12&#8243;]<div class=\"porto-u-heading  wpb_custom_ef1d5021c803f2ec44b2b0263aaca757\" data-hspacer=\"no_spacer\" data-halign=\"left\" style=\"text-align:left\"><div class=\"porto-u-main-heading\"><h2   style=\"color:#231f20;margin-bottom: 20px;\">Wie machen wir es?<\/h2><\/div><div class=\"porto-u-sub-heading\" style=\"color: #575757;\">\n<ul>\n<li>F\u00fcr die Herstellung eines Baumwoll-T-Shirts werden laut <a href=\"https:\/\/www.worldwildlife.org\/stories\/the-impact-of-a-cotton-t-shirt\">World Wide Fund<\/a> bis zu 2.700 Liter Wasser ben\u00f6tigt. Daher ist es wichtig, dass die Kleidung, die wir tragen, hochwertig und langlebig ist. Aus diesem Grund n\u00e4hen und markieren wir genau solche Kleidungsst\u00fccke, die uns jahrelang dienen k\u00f6nnen.<\/li>\n<li>Wir verwenden das <a href=\"https:\/\/www.oeko-tex.com\/en\/our-standards\/eco-passport-by-oeko-tex\">OEKO-TEX<\/a>-Zertifikat, das garantiert, dass unsere Produkte gesundheitlich unbedenklich sind und an sozial verantwortlichen Arbeitspl\u00e4tzen hergestellt wurden. Wir reduzieren die Emission von Chemikalien in die Umwelt dank einer automatischen Linie zum Waschen von Sieben.<\/li>\n<li>Wir reduzieren die Emission von Chemikalien in die Umwelt dank einer automatischen Linie zum Waschen von Sieben.<\/li>\n<li>Wir verwenden \u00f6kologische Farben f\u00fcr Drucke, die auch f\u00fcr Kinder sicher sind.<\/li>\n<li>Wir verpacken Konfektionskleidung in vollst\u00e4ndig recycelbaren Verpackungen.<\/li>\n<li>Wir verfolgen eine Politik des minimalen Abfalls: Wir produzieren so viele Waren auf Bestellung, wie f\u00fcr die Umsetzung erforderlich ist; wir versenden keine leeren Pakete; Wir passen die Gr\u00f6\u00dfe des Pakets der Bestellung an.<\/li>\n<\/ul>\n<p><\/div><\/div>[\/vc_column][vc_column width=&#8220;1\/4&#8243; offset=&#8220;vc_col-lg-offset-0 vc_hidden-xs&#8220;][vc_single_image image=&#8220;731726&#8243; img_size=&#8220;large&#8220; alignment=&#8220;right&#8220; label=&#8220;&#8220;][\/vc_column][\/vc_row][vc_row css=&#8220;.vc_custom_1625135950250{margin-bottom: 50px !important;}&#8220;][vc_column offset=&#8220;vc_col-lg-offset-1 vc_col-md-offset-1 vc_col-sm-offset-1&#8243;]<div class=\"porto-u-heading  wpb_custom_ef1d5021c803f2ec44b2b0263aaca757\" data-hspacer=\"no_spacer\" data-halign=\"left\" style=\"text-align:left\"><div class=\"porto-u-main-heading\"><h2   style=\"color:#231f20;margin-bottom: 20px;\">Zertifikate<\/h2><\/div><div class=\"porto-u-sub-heading\" style=\"color: #575757;\"><em>Nachfolgend finden Sie die Zertifikate, die wir und unsere Lieferanten verwenden.<\/em><\/div><\/div>[\/vc_column][\/vc_row][vc_row css=&#8220;.vc_custom_1625136943098{margin-bottom: 20px !important;}&#8220;][vc_column width=&#8220;1\/6&#8243; offset=&#8220;vc_col-lg-offset-1 vc_col-md-offset-1 vc_col-sm-offset-1&#8243;][vc_single_image image=&#8220;731686&#8243; img_size=&#8220;full&#8220; alignment=&#8220;center&#8220; css=&#8220;.vc_custom_1633975047008{padding-right: 20px !important;padding-left: 20px !important;}&#8220;][\/vc_column][vc_column width=&#8220;1\/12&#8243;][\/vc_column][vc_column width=&#8220;7\/12&#8243;]<div class=\"porto-u-heading  wpb_custom_8f57c40752baaf9cdbc1401be3de31d5\" data-hspacer=\"no_spacer\" data-halign=\"left\" style=\"text-align:left\"><div class=\"porto-u-main-heading\"><h2   style=\"color:#231f20;\">GLOBAL ORGANIC TEXTILE STANDARD (GOTS)<\/h2><\/div><div class=\"porto-u-sub-heading\" style=\"color: #575757;\">\n<div class=\"FFpbKc\"><\/div>\n<div class=\"dePhmb\">\n<div class=\"eyKpYb\" data-language=\"de\" data-original-language=\"pl\" data-result-index=\"0\">\n<div class=\"J0lOec\"><span class=\"VIiyi\" lang=\"de\"><span class=\"JLqJ4b ChMk0b\" data-language-for-alternatives=\"de\" data-language-to-translate-into=\"pl\" data-phrase-index=\"0\" data-number-of-phrases=\"4\">Dieser Standard garantiert, dass die zertifizierten Produkte unter Ber\u00fccksichtigung der nat\u00fcrlichen Umwelt und der Rechte der Mitarbeiter hergestellt wurden.<\/span> <span class=\"JLqJ4b ChMk0b\" data-language-for-alternatives=\"de\" data-language-to-translate-into=\"pl\" data-phrase-index=\"1\" data-number-of-phrases=\"4\">Dies bedeutet, dass es sich um hochwertige Bio-Textilien handelt, die keine Schadstoffe enthalten und alle, die an der Herstellung des Produkts beteiligt waren, soziale und \u00f6kologische Verantwortung \u00fcbernommen haben.<\/span><\/span><\/div>\n<\/div>\n<\/div>\n<p><a href=\"https:\/\/global-standard.org\/\">Weiterlesen&#8230;<\/a><\/div><\/div>[\/vc_column][\/vc_row][vc_row css=&#8220;.vc_custom_1625137783703{margin-bottom: 20px !important;}&#8220;][vc_column width=&#8220;1\/6&#8243; offset=&#8220;vc_col-lg-offset-1 vc_col-md-offset-1 vc_col-sm-offset-1&#8243;][vc_single_image image=&#8220;731689&#8243; img_size=&#8220;full&#8220; alignment=&#8220;center&#8220;][\/vc_column][vc_column width=&#8220;1\/12&#8243;][\/vc_column][vc_column width=&#8220;7\/12&#8243;]<div class=\"porto-u-heading  wpb_custom_1ea3ab2579a4d6d35caf567bcfdc9e4d\" data-hspacer=\"no_spacer\" data-halign=\"left\" style=\"text-align:left\"><div class=\"porto-u-main-heading\"><h2   style=\"color:#231f20;\">OEKO-TEX - ECO PASSPORT<\/h2><\/div><div class=\"porto-u-sub-heading\" style=\"color: #575757;\">\n<div class=\"FFpbKc\">\n<div class=\"ZTPlmc\">Es handelt sich um Chemikalien, die in der Textilproduktion verwendet werden, wie Farbstoffe, optische Aufheller, Antistatika, Klebstoffe oder Reinigungsmittel. Mit Eco Passport gekennzeichnete Chemikalien erf\u00fcllen die Anforderungen an eine nachhaltige Textilproduktion.<\/div>\n<\/div>\n<p><a href=\"https:\/\/www.oeko-tex.com\/en\/our-standards\/eco-passport-by-oeko-tex\">Weiterlesen&#8230;<\/a><\/div><\/div>[\/vc_column][\/vc_row][vc_row css=&#8220;.vc_custom_1625137006137{margin-bottom: 20px !important;}&#8220;][vc_column width=&#8220;1\/6&#8243; offset=&#8220;vc_col-lg-offset-1 vc_col-md-offset-1 vc_col-sm-offset-1&#8243;][vc_single_image image=&#8220;731704&#8243; img_size=&#8220;full&#8220; alignment=&#8220;center&#8220;][\/vc_column][vc_column width=&#8220;1\/12&#8243;][\/vc_column][vc_column width=&#8220;7\/12&#8243;]<div class=\"porto-u-heading  wpb_custom_1ea3ab2579a4d6d35caf567bcfdc9e4d\" data-hspacer=\"no_spacer\" data-halign=\"left\" style=\"text-align:left\"><div class=\"porto-u-main-heading\"><h2   style=\"color:#231f20;\">OEKO-TEX - STANDARD 100<\/h2><\/div><div class=\"porto-u-sub-heading\" style=\"color: #575757;\">Sie garantiert, dass die Produkte frei von Stoffen sind, die die menschliche Gesundheit beeintr\u00e4chtigen. Die Tests best\u00e4tigen das Vorhandensein der 100 gef\u00e4hrlichsten Stoffe, die Verbraucher bedrohen.<\/p>\n<p><a href=\"https:\/\/www.oeko-tex.com\/en\/our-standards\/standard-100-by-oeko-tex\">Weiterlesen&#8230;<\/a><\/div><\/div>[\/vc_column][\/vc_row][vc_row css=&#8220;.vc_custom_1625137797174{margin-bottom: 20px !important;}&#8220;][vc_column width=&#8220;1\/6&#8243; offset=&#8220;vc_col-lg-offset-1 vc_col-md-offset-1 vc_col-sm-offset-1&#8243;][vc_single_image image=&#8220;731713&#8243; img_size=&#8220;medium&#8220;][\/vc_column][vc_column width=&#8220;1\/12&#8243;][\/vc_column][vc_column width=&#8220;7\/12&#8243;]<div class=\"porto-u-heading  wpb_custom_1ea3ab2579a4d6d35caf567bcfdc9e4d\" data-hspacer=\"no_spacer\" data-halign=\"left\" style=\"text-align:left\"><div class=\"porto-u-main-heading\"><h2   style=\"color:#231f20;\">OEKO-TEX - MADE IN GREEN<\/h2><\/div><div class=\"porto-u-sub-heading\" style=\"color: #575757;\">Zertifikat f\u00fcr nachhaltig produzierte und schadstoffgepr\u00fcfte Textilprodukte nach \u00d6ko-Tex-Kriterien. Insbesondere textile Produkte (und deren Einzelkomponenten) m\u00fcssen die Pr\u00fcfungen zur Einhaltung der Anforderungen des \u00d6ko-Tex Standards 100 bestehen, danach muss der Produktionsbetrieb ein Audit f\u00fcr das STeP-Zertifikat \u2013 by Oeko-Tex bestehen.<\/p>\n<p><a href=\"https:\/\/www.oeko-tex.com\/en\/our-standards\/made-in-green-by-oeko-tex\">Weiterlesen&#8230;<\/a><\/div><\/div>[\/vc_column][\/vc_row][vc_row css=&#8220;.vc_custom_1625137006137{margin-bottom: 20px !important;}&#8220;][vc_column width=&#8220;1\/6&#8243; offset=&#8220;vc_col-lg-offset-1 vc_col-md-offset-1 vc_col-sm-offset-1&#8243;][vc_single_image image=&#8220;731707&#8243; img_size=&#8220;medium&#8220; css=&#8220;.vc_custom_1633975147064{padding-right: 30px !important;padding-left: 30px !important;}&#8220;][\/vc_column][vc_column width=&#8220;1\/12&#8243;][\/vc_column][vc_column width=&#8220;7\/12&#8243;]<div class=\"porto-u-heading  wpb_custom_1ea3ab2579a4d6d35caf567bcfdc9e4d\" data-hspacer=\"no_spacer\" data-halign=\"left\" style=\"text-align:left\"><div class=\"porto-u-main-heading\"><h2   style=\"color:#231f20;\">ORGANIC CONTENT STANDARD 100<\/h2><\/div><div class=\"porto-u-sub-heading\" style=\"color: #575757;\">Es ist ein internationaler Standard, der den Gehalt an organischen Fasern in einem Endprodukt \u00fcberpr\u00fcft. Es beinhaltet die Zertifizierung der Lieferkette. Damit das Endprodukt als zertifiziert verkauft werden kann, muss es in jeder Phase der Rohstoffgewinnung und -verarbeitung die OCS-Anforderungen erf\u00fcllen.<\/p>\n<p><a href=\"https:\/\/textileexchange.org\/standards\/organic-content-standard\/\">Weiterlesen&#8230;<\/a><\/div><\/div>[\/vc_column][\/vc_row][vc_row full_width=&#8220;stretch_row&#8220; css=&#8220;.vc_custom_1625486579375{margin-bottom: -80px !important;}&#8220;][vc_column width=&#8220;1\/6&#8243; offset=&#8220;vc_col-lg-offset-0 vc_col-md-offset-0 vc_hidden-xs&#8220;][vc_single_image image=&#8220;731695&#8243; img_size=&#8220;full&#8220;][\/vc_column][\/vc_row]<\/p>\n","protected":false},"excerpt":{"rendered":"<p>[vc_row css=&#8220;.vc_custom_1625043689092{margin-top: 100px !important;}&#8220;][vc_column offset=&#8220;vc_col-lg-offset-1 vc_col-lg-10 vc_col-md-offset-1 vc_col-md-10 vc_col-sm-offset-0 vc_col-xs-12&#8243;][\/vc_column][\/vc_row][vc_row full_width=&#8220;stretch_row&#8220; full_height=&#8220;yes&#8220; equal_height=&#8220;yes&#8220; content_placement=&#8220;middle&#8220; text_align=&#8220;justify&#8220; animation_type=&#8220;fadeInUp&#8220;][vc_column width=&#8220;2\/3&#8243; offset=&#8220;vc_col-lg-offset-1 vc_col-md-offset-1 vc_col-sm-offset-1 vc_col-xs-12&#8243;][\/vc_column][vc_column width=&#8220;1\/4&#8243; offset=&#8220;vc_col-lg-offset-0 vc_hidden-xs&#8220;][vc_single_image image=&#8220;731726&#8243; img_size=&#8220;large&#8220; alignment=&#8220;right&#8220; label=&#8220;&#8220;][\/vc_column][\/vc_row][vc_row css=&#8220;.vc_custom_1625135950250{margin-bottom: 50px !important;}&#8220;][vc_column offset=&#8220;vc_col-lg-offset-1 vc_col-md-offset-1 vc_col-sm-offset-1&#8243;][\/vc_column][\/vc_row][vc_row css=&#8220;.vc_custom_1625136943098{margin-bottom: 20px !important;}&#8220;][vc_column width=&#8220;1\/6&#8243; offset=&#8220;vc_col-lg-offset-1 vc_col-md-offset-1 vc_col-sm-offset-1&#8243;][vc_single_image image=&#8220;731686&#8243; img_size=&#8220;full&#8220; alignment=&#8220;center&#8220; css=&#8220;.vc_custom_1633975047008{padding-right: 20px !important;padding-left: 20px !important;}&#8220;][\/vc_column][vc_column width=&#8220;1\/12&#8243;][\/vc_column][vc_column width=&#8220;7\/12&#8243;][\/vc_column][\/vc_row][vc_row css=&#8220;.vc_custom_1625137783703{margin-bottom: 20px !important;}&#8220;][vc_column width=&#8220;1\/6&#8243; [&hellip;]<\/p>\n","protected":false},"author":1,"featured_media":0,"parent":0,"menu_order":0,"comment_status":"closed","ping_status":"closed","template":"","meta":[],"_links":{"self":[{"href":"https:\/\/universeproduction.com\/de\/wp-json\/wp\/v2\/pages\/732901"}],"collection":[{"href":"https:\/\/universeproduction.com\/de\/wp-json\/wp\/v2\/pages"}],"about":[{"href":"https:\/\/universeproduction.com\/de\/wp-json\/wp\/v2\/types\/page"}],"author":[{"embeddable":true,"href":"https:\/\/universeproduction.com\/de\/wp-json\/wp\/v2\/users\/1"}],"replies":[{"embeddable":true,"href":"https:\/\/universeproduction.com\/de\/wp-json\/wp\/v2\/comments?post=732901"}],"version-history":[{"count":0,"href":"https:\/\/universeproduction.com\/de\/wp-json\/wp\/v2\/pages\/732901\/revisions"}],"wp:attachment":[{"href":"https:\/\/universeproduction.com\/de\/wp-json\/wp\/v2\/media?parent=732901"}],"curies":[{"name":"wp","href":"https:\/\/api.w.org\/{rel}","templated":true}]}}