{"id":732891,"date":"2021-10-14T17:52:44","date_gmt":"2021-10-14T17:52:44","guid":{"rendered":"https:\/\/universeproduction.eu\/polnisches-produkt\/"},"modified":"2021-10-14T17:52:45","modified_gmt":"2021-10-14T17:52:45","slug":"polnisches-produkt","status":"publish","type":"page","link":"https:\/\/universeproduction.com\/de\/polnisches-produkt\/","title":{"rendered":"Polnisches Produkt"},"content":{"rendered":"<p>[vc_row gap=&#8220;35&#8243; full_height=&#8220;yes&#8220; equal_height=&#8220;yes&#8220; content_placement=&#8220;middle&#8220; css=&#8220;.vc_custom_1624887330718{margin-top: 100px !important;}&#8220; animation_type=&#8220;fadeInUp&#8220;][vc_column width=&#8220;2\/3&#8243;]<div class=\"porto-u-heading  wpb_custom_9861cbc9a212d636dd1071ae7e24e43b\" data-hspacer=\"no_spacer\" data-halign=\"left\" style=\"text-align:left\"><div class=\"porto-u-main-heading\"><h2   style=\"color:#000000;margin-bottom: 20px;\">Manchester des Nordens<\/h2><\/div><div class=\"porto-u-sub-heading\" style=\"color: #575757;\">Bia\u0142ystok ist seit vielen Jahren mit der Textilindustrie verbunden. Bereits im 19. Jahrhundert wurden hier Stoffe, Seide, Wollstoffe und H\u00fcte hergestellt. <strong>In seiner Bl\u00fctezeit wurde das Industriegebiet von Bialystok das Manchester des Nordens genannt.<\/strong> Es war eines der gr\u00f6\u00dften Industriezentren, von dem aus Waren in viele europ\u00e4ische L\u00e4nder exportiert wurden.<br \/>\nIn der Zwischenkriegszeit war Bia\u0142ystok eines der drei gr\u00f6\u00dften Zentren der Textilindustrie in Polen. Und nach dem Aufkommen der polnischen Volksrepublik litt sie sehr.<\/p>\n<p><strong>Unsere N\u00e4herei, die vor \u00fcber 20 Jahren aus einem lokalen Werk gegr\u00fcndet wurde, ist jedoch in Podlachien f\u00fchrend auf ihrem Gebiet.<\/strong> Heute n\u00e4hen wir nicht nur, sondern machen auch Drucke, Stickereien und Applikationen auf Kleidung und realisieren Projekte in ganz Polen und Europa.<\/p>\n<p><strong>Wir sind stolz auf unsere Wurzeln und blicken mit Gef\u00fchl zur\u00fcck.<\/strong> Wir glauben, dass es kein Zufall ist, dass sich in den Geb\u00e4uden, in denen eine der gr\u00f6\u00dften Textilfabriken des Landes operierte, heute unser Hauptsitz in der Spinning Street befindet.<\/div><\/div>[\/vc_column][vc_column width=&#8220;1\/3&#8243;][vc_single_image image=&#8220;731098&#8243; img_size=&#8220;full&#8220; alignment=&#8220;center&#8220;][\/vc_column][\/vc_row][vc_row css=&#8220;.vc_custom_1624887316580{margin-top: 150px !important;margin-bottom: 50px !important;}&#8220;][vc_column width=&#8220;1\/4&#8243;][vc_single_image image=&#8220;2593&#8243; img_size=&#8220;full&#8220; alignment=&#8220;center&#8220;][\/vc_column][vc_column width=&#8220;3\/4&#8243;]<div class=\"porto-u-heading  wpb_custom_9861cbc9a212d636dd1071ae7e24e43b\" data-hspacer=\"no_spacer\" data-halign=\"left\" style=\"text-align:left\"><div class=\"porto-u-main-heading\"><h2   style=\"color:#000000;margin-bottom: 20px;\">Wir haben ein polnisches Produktzertifikat<\/h2><\/div><div class=\"porto-u-sub-heading\" style=\"color: #575757;\">Das polnische Produktzertifikat garantiert, dass:<\/p>\n<ul>\n<li>wir sind in Polen ans\u00e4ssig<\/li>\n<li>der Eigent\u00fcmer unserer Firma ist ein polnischer Unternehmer<\/li>\n<li>die Produktion der Produkte befindet sich im Land<\/li>\n<li>unter Verwendung polnischer Materialien \/ Zutaten<\/li>\n<\/ul>\n<p><\/div><\/div>[\/vc_column][\/vc_row]<\/p>\n","protected":false},"excerpt":{"rendered":"<p>[vc_row gap=&#8220;35&#8243; full_height=&#8220;yes&#8220; equal_height=&#8220;yes&#8220; content_placement=&#8220;middle&#8220; css=&#8220;.vc_custom_1624887330718{margin-top: 100px !important;}&#8220; animation_type=&#8220;fadeInUp&#8220;][vc_column width=&#8220;2\/3&#8243;][\/vc_column][vc_column width=&#8220;1\/3&#8243;][vc_single_image image=&#8220;731098&#8243; img_size=&#8220;full&#8220; alignment=&#8220;center&#8220;][\/vc_column][\/vc_row][vc_row css=&#8220;.vc_custom_1624887316580{margin-top: 150px !important;margin-bottom: 50px !important;}&#8220;][vc_column width=&#8220;1\/4&#8243;][vc_single_image image=&#8220;2593&#8243; img_size=&#8220;full&#8220; alignment=&#8220;center&#8220;][\/vc_column][vc_column width=&#8220;3\/4&#8243;][\/vc_column][\/vc_row]<\/p>\n","protected":false},"author":1,"featured_media":0,"parent":0,"menu_order":0,"comment_status":"closed","ping_status":"closed","template":"","meta":[],"_links":{"self":[{"href":"https:\/\/universeproduction.com\/de\/wp-json\/wp\/v2\/pages\/732891"}],"collection":[{"href":"https:\/\/universeproduction.com\/de\/wp-json\/wp\/v2\/pages"}],"about":[{"href":"https:\/\/universeproduction.com\/de\/wp-json\/wp\/v2\/types\/page"}],"author":[{"embeddable":true,"href":"https:\/\/universeproduction.com\/de\/wp-json\/wp\/v2\/users\/1"}],"replies":[{"embeddable":true,"href":"https:\/\/universeproduction.com\/de\/wp-json\/wp\/v2\/comments?post=732891"}],"version-history":[{"count":0,"href":"https:\/\/universeproduction.com\/de\/wp-json\/wp\/v2\/pages\/732891\/revisions"}],"wp:attachment":[{"href":"https:\/\/universeproduction.com\/de\/wp-json\/wp\/v2\/media?parent=732891"}],"curies":[{"name":"wp","href":"https:\/\/api.w.org\/{rel}","templated":true}]}}