{"id":732888,"date":"2021-10-14T17:14:56","date_gmt":"2021-10-14T17:14:56","guid":{"rendered":"https:\/\/universeproduction.eu\/ueber-uns\/"},"modified":"2025-02-20T09:27:52","modified_gmt":"2025-02-20T09:27:52","slug":"ueber-uns","status":"publish","type":"page","link":"https:\/\/universeproduction.com\/de\/ueber-uns\/","title":{"rendered":"\u00dcber uns"},"content":{"rendered":"<p>[vc_row wrap_container=&#8220;yes&#8220; css=&#8220;.vc_custom_1624522319339{margin-top: 150px !important;}&#8220; animation_type=&#8220;fadeIn&#8220;][vc_column offset=&#8220;vc_col-lg-offset-1 vc_col-lg-10 vc_col-md-offset-1 vc_col-md-10 vc_col-xs-12&#8243;]<div class=\"porto-u-heading  wpb_custom_7c995573d7c8fea5edba0cb65eaec1a5\" data-hspacer=\"no_spacer\" data-halign=\"center\" style=\"text-align:center\"><div class=\"porto-u-main-heading\"><h2   style=\"color:#231f20;margin-bottom: 20px;\">Wir sind ein Hersteller von Kleidung mit Dekorationen<\/h2><\/div><div class=\"porto-u-sub-heading\" style=\"color: #575757;margin-bottom:50px;\">Wir beschriften Textilien mit allen Methoden wie: Siebdruck, Sublimation, Digitaldruck, Flexfolien, Stickerei. Wir entwerfen und n\u00e4hen Kleidung und Accessoires f\u00fcr die Werbe-, Sport- und Businessbranche. Sowohl wirtschaftlich als auch Premium.<\/p>\n<p>Wir f\u00fchren Projekte vom Konzept \u00fcber Grafikdesign, N\u00e4hen, Druck bis hin zur Auslieferung an den Kunden durch. Unser Produkt ist die Herstellung personalisierter Kleidung, die Ihnen die M\u00f6glichkeit gibt, sich auszudr\u00fccken.<\/p>\n<p>Seit \u00fcber 20 Jahren sind wir als Partner f\u00fcr Marketingabteilungen, Werbeagenturen, Veranstalter von Sportevents und Modemarken t\u00e4tig. Kurzum, f\u00fcr alle, die h\u00f6chste Qualit\u00e4t erwarten und Zeit sparen wollen.<\/div><\/div>[\/vc_column][\/vc_row][vc_row wrap_container=&#8220;yes&#8220; bg_type=&#8220;image&#8220; parallax_style=&#8220;vcpb-default&#8220; bg_image_new=&#8220;id^731065|url^https:\/\/universeproduction.eu\/wp-content\/uploads\/2021\/06\/all-in-one.jpg|caption^null|alt^one stop shop|title^all in one|description^null&#8220; bg_image_repeat=&#8220;no-repeat&#8220; bg_img_attach=&#8220;fixed&#8220; bg_image_posiiton=&#8220;75%&#8220; bg_override=&#8220;ex-full&#8220; css=&#8220;.vc_custom_1624523895553{margin-top: 100px !important;padding-top: 150px !important;padding-bottom: 150px !important;}&#8220; animation_type=&#8220;fadeIn&#8220;][vc_column offset=&#8220;vc_col-lg-offset-1 vc_col-lg-6 vc_col-md-offset-1 vc_col-md-6 vc_col-xs-12&#8243;]<div class=\"porto-u-heading  wpb_custom_98d7400c43c3af69926500d2a26f3b79\" data-hspacer=\"no_spacer\" data-halign=\"left\" style=\"text-align:left\"><div class=\"porto-u-main-heading\"><h2   style=\"color:#ffffff;margin-bottom: 20px;\">Verwirklichen Sie Ihre Vision an einem Ort<\/h2><\/div><div class=\"porto-u-sub-heading\" style=\"color: #ffffff;margin-bottom:50px;\">vom ersten Konzept bis zum Versand<\/div><\/div><div class=\"porto-btn-ctn-left \"><a class=\"porto-btn porto-adjust-bottom-margin porto-btn-large porto-btn-left-bg  wpb_custom_dd81ac9658c6ef375aae922a2abf1547  porto-btn-left \"  rel='' href = \"https:\/\/www.universeproduction.com\/de\/kontakt\"  data-hover=\"#000000\" data-border-color=\"#ffffff\" data-bg=\"#5fc65d\" data-hover-bg=\"#ffffff\" data-border-hover=\"#ffffff\" data-shadow-click=\"none\" data-shadow=\"\" style=\"border-radius:3px;border-width:2px;border-color:#ffffff;border-style:solid;background: #5fc65d;color: #ffffff;\"><span class=\"porto-btn-hover\" style=\"background-color:#ffffff\"><\/span><span class=\"porto-btn-data porto-btn-text \" >JA, ich m\u00f6chte Ideen mit einem Preis<\/span><\/a><\/div>[\/vc_column][\/vc_row][vc_row gap=&#8220;35&#8243; equal_height=&#8220;yes&#8220; content_placement=&#8220;middle&#8220; wrap_container=&#8220;yes&#8220; css=&#8220;.vc_custom_1624524188690{margin-top: 150px !important;}&#8220;][vc_column width=&#8220;1\/2&#8243;]<div class=\"porto-u-heading  wpb_custom_16c154cee78430f7f63dc51acf805e4d\" data-hspacer=\"line_only\" data-halign=\"right\" style=\"text-align:right\" data-appear-animation=\"fadeInLeft\"><div class=\"porto-u-main-heading\"><h2   style=\"color:#231f20;margin-bottom: 20px;\">Wir haben unsere eigene N\u00e4hstube<\/h2><\/div><div class=\"porto-u-heading-spacer line_only\" style=\"height:1px;\"><span class=\"porto-u-headings-line\" style=\"border-style:solid;border-bottom-width:1px;border-color:rgba(51,51,51,0.5);width:60px;margin-right: 0\"><\/span><\/div><div class=\"porto-u-sub-heading\" style=\"color: #575757;margin-bottom:30px;\">Dadurch k\u00f6nnen wir fast alles n\u00e4hen. Original geschnittene Kleidung, Produkte in verschiedenen Gr\u00f6\u00dfen. Au\u00dferdem n\u00e4hen wir Tags, Patches und anderes Zubeh\u00f6r ein.<br \/>\n<a href=\"https:\/\/universeproduction.com\/de\/naehzimmer\/unser-naehzimmer\/\">Weiterlesen&#8230;<\/a><\/div><\/div>[\/vc_column][vc_column width=&#8220;1\/2&#8243;]\n<div id=\"interactive-banner-1-wrap-9328\" class=\"ult-banner-block ult-adjust-bottom-margin ult-bb-box  banner-style11 \"   style=\"\">\n\t<img src=\"https:\/\/universeproduction.com\/wp-content\/uploads\/2021\/04\/Metki-zakardowe.png\" alt=\"clothing label, metka\">\n\t<div class=\"mask opaque-background\" style=\"background:rgba(36,36,36,0.5);\">\n\t\t<div  data-ultimate-target='#interactive-banner-1-wrap-9328 .bb-description'  data-responsive-json-new='{\"font-size\":\"\",\"line-height\":\"desktop:300px;\"}'  class=\"bb-description ult-responsive\" style=\"font-weight:normal;color:#ffffff;\">MEHR SEHEN<\/div>\n\t<\/div><a class=\"bb-link\" href=\"https:\/\/universeproduction.com\/de\/naehzimmer\/tags-und-zubehoer\/\" title=\"Sewing - our realizations\" ><\/a>\n<\/div>[\/vc_column][\/vc_row][vc_row gap=&#8220;35&#8243; equal_height=&#8220;yes&#8220; content_placement=&#8220;middle&#8220; wrap_container=&#8220;yes&#8220;][vc_column width=&#8220;1\/2&#8243;]\n<div id=\"interactive-banner-1-wrap-8890\" class=\"ult-banner-block ult-adjust-bottom-margin ult-bb-box  banner-style11 \"   style=\"\">\n\t<img src=\"https:\/\/universeproduction.com\/wp-content\/uploads\/2021\/04\/sito_karu_2532-1-scaled.jpeg\" alt=\"sitodruk karu\">\n\t<div class=\"mask opaque-background\" style=\"background:rgba(36,36,36,0.5);\">\n\t\t<div  data-ultimate-target='#interactive-banner-1-wrap-8890 .bb-description'  data-responsive-json-new='{\"font-size\":\"\",\"line-height\":\"desktop:300px;\"}'  class=\"bb-description ult-responsive\" style=\"font-weight:normal;color:#ffffff;\">MEHR SEHEN<\/div>\n\t<\/div><a class=\"bb-link\" href=\"https:\/\/universeproduction.com\/de\/dekorationen\/siebdruck\/\" title=\"Screen printing - our realizations\" ><\/a>\n<\/div>[\/vc_column][vc_column width=&#8220;1\/2&#8243;]<div class=\"porto-u-heading  wpb_custom_16c154cee78430f7f63dc51acf805e4d\" data-hspacer=\"line_only\" data-halign=\"left\" style=\"text-align:left\" data-appear-animation=\"fadeInRight\"><div class=\"porto-u-main-heading\"><h2   style=\"color:#231f20;margin-bottom: 20px;\">Siebdruckmaschinen<\/h2><\/div><div class=\"porto-u-heading-spacer line_only\" style=\"height:1px;\"><span class=\"porto-u-headings-line\" style=\"border-style:solid;border-bottom-width:1px;border-color:rgba(51,51,51,0.5);width:60px;margin-left: 0\"><\/span><\/div><div class=\"porto-u-sub-heading\" style=\"color: #575757;margin-bottom:30px;\">Die M\u00f6glichkeit, 18 Farben gleichzeitig im Siebdruck zu drucken, bietet gro\u00dfartige M\u00f6glichkeiten. Unter einer solchen Maschine ist die Druckqualit\u00e4t mit einem talentierten Foto vergleichbar.<br \/>\nEs ist erw\u00e4hnenswert, dass es in Polen nur wenige solcher Ger\u00e4te gibt.<br \/>\n<a href=\"https:\/\/universeproduction.com\/de\/dekorationen\/siebdruck\/\">Weiterlesen&#8230;<\/a><\/div><\/div>[\/vc_column][\/vc_row][vc_row gap=&#8220;35&#8243; equal_height=&#8220;yes&#8220; content_placement=&#8220;middle&#8220; wrap_container=&#8220;yes&#8220;][vc_column width=&#8220;1\/2&#8243;]<div class=\"porto-u-heading  wpb_custom_16c154cee78430f7f63dc51acf805e4d\" data-hspacer=\"line_only\" data-halign=\"right\" style=\"text-align:right\" data-appear-animation=\"fadeInLeft\"><div class=\"porto-u-main-heading\"><h2   style=\"color:#231f20;margin-bottom: 20px;\">Stickereigesch\u00e4ft<\/h2><\/div><div class=\"porto-u-heading-spacer line_only\" style=\"height:1px;\"><span class=\"porto-u-headings-line\" style=\"border-style:solid;border-bottom-width:1px;border-color:rgba(51,51,51,0.5);width:60px;margin-right: 0\"><\/span><\/div><div class=\"porto-u-sub-heading\" style=\"color: #575757;margin-bottom:30px;\">Sticken ist eine der haltbarsten Markierungsmethoden. Einfache oder 3D-Stickereien sind f\u00fcr uns kein Problem. Wir k\u00f6nnen auch zus\u00e4tzliche Effekte erzielen, dank denen Sie sich von der Konkurrenz abheben k\u00f6nnen.<br \/>\n<a href=\"https:\/\/universeproduction.com\/de\/dekorationen\/stickerei\/\">Weiterlesen&#8230;<\/a><\/div><\/div>[\/vc_column][vc_column width=&#8220;1\/2&#8243;]\n<div id=\"interactive-banner-1-wrap-8231\" class=\"ult-banner-block ult-adjust-bottom-margin ult-bb-box  banner-style11 \"   style=\"\">\n\t<img src=\"https:\/\/universeproduction.com\/wp-content\/uploads\/2021\/06\/button.jpg\" alt=\"embroidery with sublimation\">\n\t<div class=\"mask opaque-background\" style=\"background:rgba(36,36,36,0.5);\">\n\t\t<div  data-ultimate-target='#interactive-banner-1-wrap-8231 .bb-description'  data-responsive-json-new='{\"font-size\":\"\",\"line-height\":\"desktop:300px;\"}'  class=\"bb-description ult-responsive\" style=\"font-weight:normal;color:#ffffff;\">MEHR SEHEN<\/div>\n\t<\/div><a class=\"bb-link\" href=\"https:\/\/universeproduction.com\/de\/dekorationen\/stickerei\/\" title=\"Embroidery - our realizations\" ><\/a>\n<\/div>[\/vc_column][\/vc_row][vc_row gap=&#8220;35&#8243; equal_height=&#8220;yes&#8220; content_placement=&#8220;middle&#8220; wrap_container=&#8220;yes&#8220;][vc_column width=&#8220;1\/2&#8243;]\n<div id=\"interactive-banner-1-wrap-2351\" class=\"ult-banner-block ult-adjust-bottom-margin ult-bb-box  banner-style11 \"   style=\"\">\n\t<img src=\"https:\/\/universeproduction.com\/wp-content\/uploads\/2021\/04\/dyg_karu_2553-scaled.jpeg\" alt=\"DTG - digital printing on fabric\">\n\t<div class=\"mask opaque-background\" style=\"background:rgba(36,36,36,0.5);\">\n\t\t<div  data-ultimate-target='#interactive-banner-1-wrap-2351 .bb-description'  data-responsive-json-new='{\"font-size\":\"\",\"line-height\":\"desktop:300px;\"}'  class=\"bb-description ult-responsive\" style=\"font-weight:normal;color:#ffffff;\">MEHR SEHEN<\/div>\n\t<\/div><a class=\"bb-link\" href=\"https:\/\/universeproduction.com\/de\/dekorationen\/dtg\/\" title=\"DTG - our realizations\" ><\/a>\n<\/div>[\/vc_column][vc_column width=&#8220;1\/2&#8243;]<div class=\"porto-u-heading  wpb_custom_16c154cee78430f7f63dc51acf805e4d\" data-hspacer=\"line_only\" data-halign=\"left\" style=\"text-align:left\" data-appear-animation=\"fadeInRight\"><div class=\"porto-u-main-heading\"><h2   style=\"color:#231f20;margin-bottom: 20px;\">Digitaldrucker<\/h2><\/div><div class=\"porto-u-heading-spacer line_only\" style=\"height:1px;\"><span class=\"porto-u-headings-line\" style=\"border-style:solid;border-bottom-width:1px;border-color:rgba(51,51,51,0.5);width:60px;margin-left: 0\"><\/span><\/div><div class=\"porto-u-sub-heading\" style=\"color: #575757;margin-bottom:30px;\">Da wir auch \u00fcber einen DTG-Drucker verf\u00fcgen, k\u00f6nnen wir jedes Projekt auf authentisches Material von hoher Qualit\u00e4t \u00fcbertragen. Egal wie kompliziert es ist.<br \/>\nIhre Idee reicht und wir erledigen den Rest.<br \/>\n<a href=\"https:\/\/universeproduction.com\/de\/dekorationen\/dtg\/\">Weiterlesen&#8230;<\/a><\/div><\/div>[\/vc_column][\/vc_row][vc_row gap=&#8220;35&#8243; equal_height=&#8220;yes&#8220; content_placement=&#8220;middle&#8220; wrap_container=&#8220;yes&#8220;][vc_column width=&#8220;1\/2&#8243;]<div class=\"porto-u-heading  wpb_custom_16c154cee78430f7f63dc51acf805e4d\" data-hspacer=\"line_only\" data-halign=\"right\" style=\"text-align:right\" data-appear-animation=\"fadeInLeft\"><div class=\"porto-u-main-heading\"><h2   style=\"color:#231f20;margin-bottom: 20px;\">Sublimationsger\u00e4te<\/h2><\/div><div class=\"porto-u-heading-spacer line_only\" style=\"height:1px;\"><span class=\"porto-u-headings-line\" style=\"border-style:solid;border-bottom-width:1px;border-color:rgba(51,51,51,0.5);width:60px;margin-right: 0\"><\/span><\/div><div class=\"porto-u-sub-heading\" style=\"color: #575757;margin-bottom:30px;\">Wir verf\u00fcgen auch \u00fcber moderne Sublimationsger\u00e4te. Dies gibt uns die M\u00f6glichkeit, Drucke zu erstellen, den sogenannten Fullprint, also die gesamte Oberfl\u00e4che des Materials oder auf verschiedene Arten von Gadgets zu verwenden.<br \/>\n<a href=\"https:\/\/universeproduction.com\/de\/dekorationen\/sublimation\/\">Weiterlesen&#8230;<\/a><\/div><\/div>[\/vc_column][vc_column width=&#8220;1\/2&#8243;]\n<div id=\"interactive-banner-1-wrap-8091\" class=\"ult-banner-block ult-adjust-bottom-margin ult-bb-box  banner-style11 \"   style=\"\">\n\t<img src=\"https:\/\/universeproduction.com\/wp-content\/uploads\/2021\/04\/sublimacja_karu_2329-scaled.jpeg\" alt=\"sublimation - fullprint on fabric\">\n\t<div class=\"mask opaque-background\" style=\"background:rgba(36,36,36,0.5);\">\n\t\t<div  data-ultimate-target='#interactive-banner-1-wrap-8091 .bb-description'  data-responsive-json-new='{\"font-size\":\"\",\"line-height\":\"desktop:300px;\"}'  class=\"bb-description ult-responsive\" style=\"font-weight:normal;color:#ffffff;\">MEHR SEHEN<\/div>\n\t<\/div><a class=\"bb-link\" href=\"https:\/\/universeproduction.com\/de\/dekorationen\/sublimation\/\" title=\"Sublimation - our realizations\" ><\/a>\n<\/div>[\/vc_column][\/vc_row][vc_row wrap_container=&#8220;yes&#8220; bg_type=&#8220;bg_color&#8220; bg_override=&#8220;ex-full&#8220; css=&#8220;.vc_custom_1624528267544{margin-top: 150px !important;padding-top: 150px !important;padding-bottom: 100px !important;}&#8220; bg_color_value=&#8220;rgba(234,234,234,0.5)&#8220;][vc_column offset=&#8220;vc_col-lg-offset-1 vc_col-lg-10 vc_col-md-offset-1 vc_col-md-10 vc_col-xs-12&#8243;]<div class=\"porto-u-heading  wpb_custom_63d82698a6426aeb093956f2b50e97f9\" data-hspacer=\"no_spacer\" data-halign=\"center\" style=\"text-align:center\"><div class=\"porto-u-main-heading\"><h2   style=\"color:#231f20;margin-bottom: 20px;\">Mission<\/h2><\/div><div class=\"porto-u-sub-heading\" style=\"color: #575757;margin-bottom:50px;\">Wir existieren, um Kunden zu helfen, ihr Gesch\u00e4ft durch personalisierte Textilien zu f\u00f6rdern. Wir inspirieren und unterst\u00fctzen die Imagebildung.<\/div><\/div>[\/vc_column][\/vc_row][vc_row wrap_container=&#8220;yes&#8220; css=&#8220;.vc_custom_1624528439278{margin-top: 150px !important;}&#8220;][vc_column offset=&#8220;vc_col-lg-offset-1 vc_col-lg-10 vc_col-md-offset-1 vc_col-md-10 vc_col-xs-12&#8243;]<div class=\"porto-u-heading  wpb_custom_e5bbc46adace3e8bf913b4e6bfbd520f\" data-hspacer=\"no_spacer\" data-halign=\"center\" style=\"text-align:center\"><div class=\"porto-u-main-heading\"><h2   style=\"color:#231f20;margin-bottom: 20px;\">Einige Daten<\/h2><\/div><\/div>[\/vc_column][\/vc_row][vc_row wrap_container=&#8220;yes&#8220; text_align=&#8220;center&#8220; css=&#8220;.vc_custom_1618904666006{margin-top: 30px !important;}&#8220;][vc_column width=&#8220;1\/4&#8243; offset=&#8220;vc_hidden-xs&#8220;]<div class=\"stats-block stats-top  inline-block  wpb_custom_850f5514e33e2cecf87fd6e6f151440b  vc_custom_1624529538149\"><div class=\"stats-desc\"><div id=\"counter_142800366369e7a8a9ee948\" data-id=\"counter_142800366369e7a8a9ee948\" class=\"stats-number\" style=\" color:#2ec5cc;\" data-speed=\"3\" data-counter-value=\"23\" data-separator=\",\" data-decimal=\".\">0<\/div><div class=\"stats-text\" style=\"color:#575757;\">jahrelange Erfahrung<\/div><\/div><\/div>[\/vc_column][vc_column width=&#8220;1\/4&#8243; offset=&#8220;vc_hidden-xs&#8220;]<div class=\"stats-block stats-top  inline-block  wpb_custom_92f7c73c86463859c1788b02ba960509  vc_custom_1624529552596\"><div class=\"stats-desc\"><div id=\"counter_155676238069e7a8a9eebe2\" data-id=\"counter_155676238069e7a8a9eebe2\" class=\"stats-number\" style=\" color:#2ec5cc;\" data-speed=\"3\" data-counter-value=\"138.945\" data-separator=\",\" data-decimal=\",\">0<\/div><div class=\"stats-text\" style=\"color:#575757;\">abgeschlossene Projekte<\/div><\/div><\/div>[\/vc_column][vc_column width=&#8220;1\/4&#8243; offset=&#8220;vc_hidden-xs&#8220;]<div class=\"stats-block stats-top  inline-block  wpb_custom_72707d4d1f78ff53616ed8d6ae87a6fe  vc_custom_1624529563324\"><div class=\"stats-desc\"><div id=\"counter_913171369e7a8a9eee0d\" data-id=\"counter_913171369e7a8a9eee0d\" class=\"stats-number\" style=\" color:#2ec5cc;\" data-speed=\"3\" data-counter-value=\"78\" data-separator=\",\" data-decimal=\".\">0<\/div><div class=\"stats-text\" style=\"color:#575757;\">arbeitende Menschen<\/div><\/div><\/div>[\/vc_column][vc_column width=&#8220;1\/4&#8243; offset=&#8220;vc_hidden-xs&#8220;]<div class=\"stats-block stats-top  inline-block  wpb_custom_408c22cea53b006dc479ffb50c3a6005  vc_custom_1624529574718\"><div class=\"stats-desc\"><div id=\"counter_75525644569e7a8a9ef029\" data-id=\"counter_75525644569e7a8a9ef029\" class=\"stats-number\" style=\" color:#2ec5cc;\" data-speed=\"3\" data-counter-value=\"2.700\" data-separator=\",\" data-decimal=\",\">0<\/div><div class=\"stats-text\" style=\"color:#575757;\">Meter der Oberfl\u00e4che<\/div><\/div><\/div>[\/vc_column][\/vc_row][vc_row wrap_container=&#8220;yes&#8220; text_align=&#8220;center&#8220; css=&#8220;.vc_custom_1618904673325{margin-top: 30px !important;}&#8220;][vc_column width=&#8220;1\/4&#8243; text_align=&#8220;center&#8220; offset=&#8220;vc_hidden-lg vc_hidden-md vc_hidden-sm&#8220;]<div class=\"stats-block stats-top  inline-block  wpb_custom_1277ee172b83d28dd7eae80d869c8537  vc_custom_1624606830467\"><div class=\"stats-desc\"><div id=\"counter_90948034569e7a8a9ef245\" data-id=\"counter_90948034569e7a8a9ef245\" class=\"stats-number\" style=\" color:#2ec5cc;\" data-speed=\"3\" data-counter-value=\"23\" data-separator=\",\" data-decimal=\".\">0<\/div><div class=\"stats-text\" style=\"color:#575757;\">jahrelange Erfahrung<\/div><\/div><\/div>[\/vc_column][vc_column width=&#8220;1\/4&#8243; text_align=&#8220;center&#8220; offset=&#8220;vc_hidden-lg vc_hidden-md vc_hidden-sm&#8220;]<div class=\"stats-block stats-top  inline-block  wpb_custom_d70dd7883be0ffe29d57059e8580578e  vc_custom_1624606837561\"><div class=\"stats-desc\"><div id=\"counter_184931110069e7a8a9ef455\" data-id=\"counter_184931110069e7a8a9ef455\" class=\"stats-number\" style=\" color:#2ec5cc;\" data-speed=\"3\" data-counter-value=\"138.945\" data-separator=\",\" data-decimal=\",\">0<\/div><div class=\"stats-text\" style=\"color:#575757;\">abgeschlossene Projekte<\/div><\/div><\/div>[\/vc_column][vc_column width=&#8220;1\/4&#8243; text_align=&#8220;center&#8220; offset=&#8220;vc_hidden-lg vc_hidden-md vc_hidden-sm&#8220;]<div class=\"stats-block stats-top  inline-block  wpb_custom_1444e696fab2b7360e479e63c3598cc3  vc_custom_1624606769809\"><div class=\"stats-desc\"><div id=\"counter_99198942669e7a8a9ef66c\" data-id=\"counter_99198942669e7a8a9ef66c\" class=\"stats-number\" style=\" color:#2ec5cc;\" data-speed=\"3\" data-counter-value=\"78\" data-separator=\",\" data-decimal=\".\">0<\/div><div class=\"stats-text\" style=\"color:#575757;\">arbeitende Menschen<\/div><\/div><\/div>[\/vc_column][vc_column width=&#8220;1\/4&#8243; text_align=&#8220;center&#8220; offset=&#8220;vc_hidden-lg vc_hidden-md vc_hidden-sm&#8220;]<div class=\"stats-block stats-top  inline-block  wpb_custom_1444e696fab2b7360e479e63c3598cc3  vc_custom_1624606778866\"><div class=\"stats-desc\"><div id=\"counter_115834951269e7a8a9ef879\" data-id=\"counter_115834951269e7a8a9ef879\" class=\"stats-number\" style=\" color:#2ec5cc;\" data-speed=\"3\" data-counter-value=\"2.700\" data-separator=\",\" data-decimal=\",\">0<\/div><div class=\"stats-text\" style=\"color:#575757;\">Meter der Oberfl\u00e4che<\/div><\/div><\/div>[\/vc_column][\/vc_row][vc_row wrap_container=&#8220;yes&#8220;][vc_column width=&#8220;1\/3&#8243;][\/vc_column][vc_column width=&#8220;1\/3&#8243;][\/vc_column][vc_column width=&#8220;1\/3&#8243;][\/vc_column][\/vc_row][vc_row wrap_container=&#8220;yes&#8220;][vc_column width=&#8220;1\/2&#8243;][\/vc_column][vc_column width=&#8220;1\/2&#8243;][\/vc_column][\/vc_row][vc_row css=&#8220;.vc_custom_1617865469108{padding-bottom: 40px !important;}&#8220;][vc_column]<div class=\"porto-btn-ctn-center \"><a class=\"porto-btn porto-adjust-bottom-margin porto-btn-custom porto-btn-left-bg  wpb_custom_fa51088c2567b780100c1edcf8821d3b  porto-btn-center \" title='WRITE TO US!' rel='' href = \"https:\/\/www.universeproduction.com\/de\/kontakt\"  data-hover=\"#ffffff\" data-border-color=\"\" data-bg=\"#2ec5cc\" data-hover-bg=\"#00c1cc\" data-border-hover=\"\" data-shadow-click=\"none\" data-shadow=\"\" style=\"font-family:Open Sans; font-weight:400; font-style:normal; font-weight:400;font-size:14px;width:274px;min-height:40px;padding:10px 64px;border:none;background: #2ec5cc;color: #ffffff;\"><span class=\"porto-btn-hover\" style=\"background-color:#00c1cc\"><\/span><span class=\"porto-btn-data porto-btn-text \" >SCHREIB UNS!<\/span><\/a><\/div>[\/vc_column][\/vc_row]<\/p>\n","protected":false},"excerpt":{"rendered":"<p>[vc_row wrap_container=&#8220;yes&#8220; css=&#8220;.vc_custom_1624522319339{margin-top: 150px !important;}&#8220; animation_type=&#8220;fadeIn&#8220;][vc_column offset=&#8220;vc_col-lg-offset-1 vc_col-lg-10 vc_col-md-offset-1 vc_col-md-10 vc_col-xs-12&#8243;][\/vc_column][\/vc_row][vc_row wrap_container=&#8220;yes&#8220; bg_type=&#8220;image&#8220; parallax_style=&#8220;vcpb-default&#8220; bg_image_new=&#8220;id^731065|url^https:\/\/universeproduction.eu\/wp-content\/uploads\/2021\/06\/all-in-one.jpg|caption^null|alt^one stop shop|title^all in one|description^null&#8220; bg_image_repeat=&#8220;no-repeat&#8220; bg_img_attach=&#8220;fixed&#8220; bg_image_posiiton=&#8220;75%&#8220; bg_override=&#8220;ex-full&#8220; css=&#8220;.vc_custom_1624523895553{margin-top: 100px !important;padding-top: 150px !important;padding-bottom: 150px !important;}&#8220; animation_type=&#8220;fadeIn&#8220;][vc_column offset=&#8220;vc_col-lg-offset-1 vc_col-lg-6 vc_col-md-offset-1 vc_col-md-6 vc_col-xs-12&#8243;][\/vc_column][\/vc_row][vc_row gap=&#8220;35&#8243; equal_height=&#8220;yes&#8220; content_placement=&#8220;middle&#8220; wrap_container=&#8220;yes&#8220; css=&#8220;.vc_custom_1624524188690{margin-top: 150px !important;}&#8220;][vc_column width=&#8220;1\/2&#8243;][\/vc_column][vc_column width=&#8220;1\/2&#8243;][\/vc_column][\/vc_row][vc_row gap=&#8220;35&#8243; equal_height=&#8220;yes&#8220; content_placement=&#8220;middle&#8220; wrap_container=&#8220;yes&#8220;][vc_column width=&#8220;1\/2&#8243;][\/vc_column][vc_column width=&#8220;1\/2&#8243;][\/vc_column][\/vc_row][vc_row gap=&#8220;35&#8243; equal_height=&#8220;yes&#8220; content_placement=&#8220;middle&#8220; wrap_container=&#8220;yes&#8220;][vc_column [&hellip;]<\/p>\n","protected":false},"author":1,"featured_media":0,"parent":0,"menu_order":2,"comment_status":"closed","ping_status":"closed","template":"","meta":[],"_links":{"self":[{"href":"https:\/\/universeproduction.com\/de\/wp-json\/wp\/v2\/pages\/732888"}],"collection":[{"href":"https:\/\/universeproduction.com\/de\/wp-json\/wp\/v2\/pages"}],"about":[{"href":"https:\/\/universeproduction.com\/de\/wp-json\/wp\/v2\/types\/page"}],"author":[{"embeddable":true,"href":"https:\/\/universeproduction.com\/de\/wp-json\/wp\/v2\/users\/1"}],"replies":[{"embeddable":true,"href":"https:\/\/universeproduction.com\/de\/wp-json\/wp\/v2\/comments?post=732888"}],"version-history":[{"count":5,"href":"https:\/\/universeproduction.com\/de\/wp-json\/wp\/v2\/pages\/732888\/revisions"}],"predecessor-version":[{"id":1241734,"href":"https:\/\/universeproduction.com\/de\/wp-json\/wp\/v2\/pages\/732888\/revisions\/1241734"}],"wp:attachment":[{"href":"https:\/\/universeproduction.com\/de\/wp-json\/wp\/v2\/media?parent=732888"}],"curies":[{"name":"wp","href":"https:\/\/api.w.org\/{rel}","templated":true}]}}