{"id":1240764,"date":"2023-02-03T13:38:29","date_gmt":"2023-02-03T13:38:29","guid":{"rendered":"https:\/\/universeproduction.com\/caps\/"},"modified":"2023-02-03T13:45:53","modified_gmt":"2023-02-03T13:45:53","slug":"caps","status":"publish","type":"page","link":"https:\/\/universeproduction.com\/de\/caps\/","title":{"rendered":"Caps"},"content":{"rendered":"<p>[vc_row css=&#8220;.vc_custom_1617972293199{margin-top: 40px !important;margin-bottom: 40px !important;}&#8220;][vc_column width=&#8220;1\/5&#8243; offset=&#8220;vc_col-lg-4&#8243;]<div class=\"porto-u-heading  wpb_custom_95aa9a11c17ad45cfabaf210d84ee7cc\" data-hspacer=\"no_spacer\" data-halign=\"left\" style=\"text-align:left\"><div class=\"porto-u-main-heading\"><h2   style=\"font-family:Open Sans; font-weight:700; font-style:normal; font-weight:700;color:#231f20;margin-bottom: 20px;font-size:22px;line-height:30px;\">Sewing house<\/h2><\/div><\/div>[vc_single_image image=&#8220;2594&#8243; img_size=&#8220;full&#8220; css=&#8220;.vc_custom_1619093119650{margin-bottom: 0px !important;border-bottom-width: 0px !important;padding-bottom: 0px !important;}&#8220; parallax_scroll=&#8220;no&#8220;][vc_wp_custommenu nav_menu=&#8220;185&#8243;][vc_single_image image=&#8220;2593&#8243; img_size=&#8220;96&#215;96&#8243; parallax_scroll=&#8220;no&#8220;][\/vc_column][vc_column width=&#8220;4\/5&#8243; offset=&#8220;vc_col-lg-8&#8243;]<div class=\"porto-u-heading  wpb_custom_0db1b71b1f174417eae8479f60701e28\" data-hspacer=\"no_spacer\" data-halign=\"center\" style=\"text-align:center\"><div class=\"porto-u-main-heading\"><h1   style=\"margin-bottom: 35px;\">Caps<\/h1><\/div><\/div>[vc_row_inner][vc_column_inner el_class=&#8220;product-details-img&#8220; width=&#8220;1\/3&#8243;][vc_single_image image=&#8220;1238976&#8243; img_size=&#8220;full&#8220; alignment=&#8220;center&#8220; onclick=&#8220;custom_link&#8220; link=&#8220;https:\/\/universeproduction.com\/de\/elastane-beanie-hat-cb01\/&#8220; label=&#8220;&#8220;][vc_column_text el_class=&#8220;.product-details-img-text&#8220;]<a class=\"product-details-img-text\" style=\"text-align: left;\" href=\"https:\/\/universeproduction.com\/de\/elastane-beanie-hat-cb01\/\"><strong>Elastane Beanie Hat CB0<\/strong><br \/>\nSewn Clothes<\/a>[\/vc_column_text][\/vc_column_inner][vc_column_inner el_class=&#8220;product-details-img&#8220; width=&#8220;1\/3&#8243;][\/vc_column_inner][vc_column_inner el_class=&#8220;product-details-img&#8220; width=&#8220;1\/3&#8243;][\/vc_column_inner][\/vc_row_inner][\/vc_column][\/vc_row][vc_row full_width=&#8220;stretch_row&#8220; wrap_container=&#8220;yes&#8220;][vc_column css=&#8220;.vc_custom_1617871795680{margin-top: 20px !important;}&#8220;]<div class=\"porto-u-heading  wpb_custom_95aa9a11c17ad45cfabaf210d84ee7cc\" data-hspacer=\"no_spacer\" data-halign=\"left\" style=\"text-align:left\"><div class=\"porto-u-main-heading\"><h2   style=\"font-family:Open Sans; font-weight:700; font-style:normal; font-weight:700;color:#231f20;margin-bottom: 20px;font-size:22px;line-height:30px;\">How to order?<\/h2><\/div><\/div>[vc_row_inner gap=&#8220;35&#8243;][vc_column_inner width=&#8220;1\/3&#8243;]<div class=\"aio-icon-component  vc_custom_1620199234232   style_3\"><div id=\"Info-box-wrap-6939\" class=\"aio-icon-box top-icon\" style=\"\"  ><div class=\"aio-icon-top\"><div class=\"ult-just-icon-wrapper  \"><div class=\"align-icon\" style=\"text-align:center;\">\n<div class=\"aio-icon-img \" style=\"font-size:127px;display:inline-block;\" >\n\t<img class=\"img-icon\" alt=\"null\" src=\"https:\/\/universeproduction.com\/wp-content\/uploads\/2021\/04\/konsultacja-1.svg\"\/>\n<\/div><\/div><\/div><\/div><div class=\"aio-icon-header\" ><h3 class=\"aio-icon-title ult-responsive\"  data-ultimate-target='#Info-box-wrap-6939 .aio-icon-title'  data-responsive-json-new='{\"font-size\":\"desktop:15px;\",\"line-height\":\"desktop:21px;\"}'  style=\"font-family:&#039;Open Sans&#039;;color:#231f20;\">1. PROJECT CONSULTATION<\/h3><\/div> <!-- header --><\/div> <!-- aio-icon-box --><\/div> <!-- aio-icon-component -->[vc_column_text css=&#8220;.vc_custom_1619093190219{margin-top: 0px !important;margin-bottom: 0px !important;border-top-width: 0px !important;border-bottom-width: 0px !important;padding-top: 0px !important;padding-bottom: 0px !important;}&#8220;]<\/p>\n<ul>\n<li>Give us an initial idea for a garment design, tell us what the occasion is, and we will create it for you!<\/li>\n<\/ul>\n<p>[\/vc_column_text][vc_column_text css=&#8220;.vc_custom_1619093198158{margin-top: 0px !important;margin-bottom: 0px !important;border-top-width: 0px !important;border-bottom-width: 0px !important;padding-top: 0px !important;padding-bottom: 0px !important;}&#8220; text_larger=&#8220;no&#8220;]<\/p>\n<ul>\n<li>We also accept finished projects for implementation.<\/li>\n<\/ul>\n<p>[\/vc_column_text][vc_column_text css=&#8220;.vc_custom_1619093205186{margin-top: 0px !important;margin-bottom: 0px !important;border-top-width: 0px !important;border-bottom-width: 0px !important;padding-top: 0px !important;padding-bottom: 0px !important;}&#8220; text_larger=&#8220;no&#8220;]<\/p>\n<ul>\n<li>Specify the approximate size of the order, think about how you want to decorate the garment (personalized labels) and contact us by phone or through the form.<\/li>\n<\/ul>\n<p>[\/vc_column_text][\/vc_column_inner][vc_column_inner width=&#8220;1\/3&#8243;]<div class=\"aio-icon-component  vc_custom_1620199246786   style_3\"><div id=\"Info-box-wrap-8368\" class=\"aio-icon-box top-icon\" style=\"\"  ><div class=\"aio-icon-top\"><div class=\"ult-just-icon-wrapper  \"><div class=\"align-icon\" style=\"text-align:center;\">\n<div class=\"aio-icon-img \" style=\"font-size:133px;display:inline-block;\" >\n\t<img class=\"img-icon\" alt=\"null\" src=\"https:\/\/universeproduction.com\/wp-content\/uploads\/2021\/04\/projekt-1.svg\"\/>\n<\/div><\/div><\/div><\/div><div class=\"aio-icon-header\" ><h3 class=\"aio-icon-title ult-responsive\"  data-ultimate-target='#Info-box-wrap-8368 .aio-icon-title'  data-responsive-json-new='{\"font-size\":\"desktop:15px;\",\"line-height\":\"desktop:21px;\"}'  style=\"font-family:&#039;Open Sans&#039;;color:#231f20;\">2. DESIGN AND VALUATION<\/h3><\/div> <!-- header --><\/div> <!-- aio-icon-box --><\/div> <!-- aio-icon-component -->[vc_column_text css=&#8220;.vc_custom_1619093217901{margin-top: 0px !important;margin-bottom: 0px !important;border-top-width: 0px !important;border-bottom-width: 0px !important;padding-top: 0px !important;padding-bottom: 0px !important;}&#8220;]<\/p>\n<ul>\n<li>Based on the given order size, selected products, type and quantity of applied patterns and labels, we create a valuation for you.<\/li>\n<\/ul>\n<p>[\/vc_column_text][vc_column_text css=&#8220;.vc_custom_1619093224825{margin-top: 0px !important;margin-bottom: 0px !important;border-top-width: 0px !important;border-bottom-width: 0px !important;padding-top: 0px !important;padding-bottom: 0px !important;}&#8220;]<\/p>\n<ul>\n<li>Based on the given order size, selected products, type and quantity of applied patterns and labels, we create a valuation for you.<\/li>\n<\/ul>\n<p>[\/vc_column_text][vc_column_text css=&#8220;.vc_custom_1619093232877{margin-top: 0px !important;margin-bottom: 0px !important;border-top-width: 0px !important;border-bottom-width: 0px !important;padding-top: 0px !important;padding-bottom: 0px !important;}&#8220;]<\/p>\n<ul>\n<li>We send fabric and garment samples upon request.<\/li>\n<\/ul>\n<p>[\/vc_column_text][\/vc_column_inner][vc_column_inner width=&#8220;1\/3&#8243;]<div class=\"aio-icon-component  vc_custom_1620199259091   style_3\"><div id=\"Info-box-wrap-2808\" class=\"aio-icon-box top-icon\" style=\"\"  ><div class=\"aio-icon-top\"><div class=\"ult-just-icon-wrapper  \"><div class=\"align-icon\" style=\"text-align:center;\">\n<div class=\"aio-icon-img \" style=\"font-size:128px;display:inline-block;\" >\n\t<img class=\"img-icon\" alt=\"null\" src=\"https:\/\/universeproduction.com\/wp-content\/uploads\/2021\/04\/szycie-1.svg\"\/>\n<\/div><\/div><\/div><\/div><div class=\"aio-icon-header\" ><h3 class=\"aio-icon-title ult-responsive\"  data-ultimate-target='#Info-box-wrap-2808 .aio-icon-title'  data-responsive-json-new='{\"font-size\":\"desktop:15px;\",\"line-height\":\"desktop:21px;\"}'  style=\"font-family:&#039;Open Sans&#039;;color:#231f20;\">3. SEWING IN 2-4 WEEKS<\/h3><\/div> <!-- header --><\/div> <!-- aio-icon-box --><\/div> <!-- aio-icon-component -->[vc_column_text css=&#8220;.vc_custom_1619093259103{margin-top: 0px !important;margin-bottom: 0px !important;border-top-width: 0px !important;border-bottom-width: 0px !important;padding-top: 0px !important;padding-bottom: 0px !important;}&#8220; text_larger=&#8220;no&#8220;]<\/p>\n<ul>\n<li>Once approved, the designs go to our sewing room and then to you or your client!<\/li>\n<\/ul>\n<p>[\/vc_column_text][vc_column_text css=&#8220;.vc_custom_1619093267443{margin-top: 0px !important;margin-bottom: 0px !important;border-top-width: 0px !important;border-bottom-width: 0px !important;padding-top: 0px !important;padding-bottom: 0px !important;}&#8220; text_larger=&#8220;no&#8220;]<\/p>\n<ul>\n<li>Depending on the type of products, lead times may vary.<\/li>\n<\/ul>\n<p>[\/vc_column_text][\/vc_column_inner][\/vc_row_inner][\/vc_column][\/vc_row][vc_row el_class=&#8220;napisz-do-nas-button&#8220; css=&#8220;.vc_custom_1617972420241{margin-top: 40px !important;}&#8220;][vc_column]<div class=\"porto-u-heading telefony_sekcja  wpb_custom_95aa9a11c17ad45cfabaf210d84ee7cc\" data-hspacer=\"no_spacer\" data-halign=\"center\" style=\"text-align:center\"><div class=\"porto-u-sub-heading\" style=\"font-weight:400;color: #231f20;margin-bottom:10px;font-size:21px;line-height:0px;letter-spacing:0px;\"><span style=\"color: #000000;\"><a style=\"color: #000000;\" href=\"call:+48733904144\">+48 733 904 144<\/a><\/span><\/p>\n<div id=\"gtx-trans\" style=\"position: absolute; left: -91px; top: 38px;\">\n<div class=\"gtx-trans-icon\"><\/div>\n<\/div>\n<p><\/div><\/div><div class=\"porto-u-heading telefony_sekcja  wpb_custom_95aa9a11c17ad45cfabaf210d84ee7cc\" data-hspacer=\"no_spacer\" data-halign=\"center\" style=\"text-align:center\"><\/div><div class=\"porto-u-heading telefony_sekcja  wpb_custom_95aa9a11c17ad45cfabaf210d84ee7cc\" data-hspacer=\"no_spacer\" data-halign=\"center\" style=\"text-align:center\"><div class=\"porto-u-sub-heading\" style=\"font-weight:400;color: #231f20;margin-bottom:10px;font-size:21px;line-height:0px;letter-spacing:0px;\"><span style=\"color: #231f20;\"><a style=\"color: #231f20;\" href=\"mailto:sales@universeproduction.com\">sales@universeproduction.com<\/a><\/span><\/div><\/div><div class=\"porto-btn-ctn-center \"><a class=\"porto-btn  vc_custom_1620199270472 porto-adjust-bottom-margin porto-btn-custom porto-btn-no-hover-bg  wpb_custom_fa51088c2567b780100c1edcf8821d3b  porto-btn-center \" title='WRITE TO US!' rel='' href = \"https:\/\/www.universeproduction.com\/contact\/\" target='_blank' data-hover=\"#ffffff\" data-border-color=\"\" data-bg=\"#2ec5cc\" data-hover-bg=\"#2ec5cc\" data-border-hover=\"\" data-shadow-click=\"none\" data-shadow=\"\" style=\"font-family:Open Sans; font-weight:400; font-style:normal; font-weight:400;font-size:14px;width:274px;min-height:40px;line-height:39px;border:none;background: #2ec5cc;color: #ffffff;\"><span class=\"porto-btn-hover\" style=\"background-color:#2ec5cc\"><\/span><span class=\"porto-btn-data porto-btn-text \" >WRITE TO US!<\/span><\/a><\/div>[\/vc_column][\/vc_row][vc_row css=&#8220;.vc_custom_1614938392777{margin-bottom: 0px !important;padding-top: 10px !important;padding-bottom: 0px !important;}&#8220; mobile_bg_img_hidden=&#8220;no&#8220; tablet_bg_img_hidden=&#8220;no&#8220; woodmart_parallax=&#8220;0&#8243; woodmart_gradient_switch=&#8220;no&#8220; row_reverse_mobile=&#8220;0&#8243; row_reverse_tablet=&#8220;0&#8243; woodmart_disable_overflow=&#8220;0&#8243;][vc_column]<div class=\"porto-u-heading  wpb_custom_95aa9a11c17ad45cfabaf210d84ee7cc\" data-hspacer=\"no_spacer\" data-halign=\"center\" style=\"text-align:center\"><div class=\"porto-u-main-heading\"><h2   style=\"font-family:Open Sans; font-weight:; font-style:; font-weight:700;color:#231f20;margin-bottom: 20px;font-size:22px;line-height:30px;\">Why is it worth working with us?<\/h2><\/div><div class=\"porto-u-sub-heading\" style=\"font-family:Open Sans; font-weight:300; font-style:normal; font-weight:400;color: #575757;margin-bottom:20px;font-size:14px;line-height:24px;letter-spacing:0px;\">\n<div id=\"tw-target-text-container\" class=\"tw-ta-container F0azHf tw-nfl\" tabindex=\"0\">\n<p id=\"tw-target-text\" class=\"tw-data-text tw-text-large tw-ta\" dir=\"ltr\" data-placeholder=\"T\u0142umaczenie\"><span class=\"Y2IQFc\" lang=\"en\">Universe Prduction are people. Our team consists of enthusiasts and specialists with many years of experience. The production department is industry leaders, thanks to which we can cooperate on demanding and innovative projects. Our clients have a dedicated contact person whose role is not only to coordinate the execution of the order, but also to provide professional advice on the selection of clothing, decoration, personalization or individualized shipments. Thanks to our experience, we are able to participate in the most demanding marketing projects and production with the highest quality requirements.<\/span><\/p>\n<\/div>\n<pre id=\"tw-target-rmn\" class=\"tw-data-placeholder tw-text-small tw-ta\" dir=\"ltr\" data-placeholder=\"\"><\/pre>\n<div class=\"iYB33c\">\n<div data-cviv=\"false\" data-ved=\"2ahUKEwj1kPmtzJr8AhWvk4sKHTw5BaQQz_AEegQIBRAP\">\n<div class=\"U9URNb\"><img loading=\"lazy\" id=\"dimg_3\" class=\"YQ4gaf zr758c wA1Bge\" src=\"data:image\/png;base64,iVBORw0KGgoAAAANSUhEUgAAABQAAAAUCAQAAAAngNWGAAAA\/0lEQVR4AYXNMSiEcRyA4cfmGHQbCZIipkuxnJgMStlMNmeyD2dwmc8+sZgxYJd9ErIZFHUyYYD7fkr6l4\/rnvmtl7+KitrqV\/fq2Y5eLY3Z9S48eRLe7BmVZ9qhTLhQ0algzZWQOVKSsCF8OjAnwbxDTWFDUhPK\/jMr1H6HE\/IqRky2DyvCefuwItwZzodVoYRiLqMkVCXrwpJ9twZ+sgfDYEFYl8wIWxZ9uFf7zkallxlJh4YrLGsKjZRx7VGHhLqwgFUN45DGdb8MeXGpgB4ABZdeDcpZEY51A+hyLKz4S1W4MQWm3AibWtgWmk6dyISa1pSdyWTOlLXVp0+eL9D\/ZPfBTNanAAAAAElFTkSuQmCC\" alt=\"ikona Zweryfikowane przez spo\u0142eczno\u015b\u0107\" width=\"16\" height=\"16\" data-atf=\"0\" data-frt=\"0\" \/><\/div>\n<\/div>\n<p id=\"tw-tmenu\" class=\"tw-menu\">\n<\/div>\n<p><\/div><\/div>[vc_row_inner gap=&#8220;35&#8243; el_class=&#8220;teepro-info-box has-icon-bg&#8220; css=&#8220;.vc_custom_1617960051816{padding-top: 20px !important;}&#8220;][vc_column_inner width=&#8220;1\/2&#8243; offset=&#8220;vc_col-lg-3 vc_col-md-3 vc_col-xs-12&#8243;]<div class=\"aio-icon-component    style_3\"><div id=\"Info-box-wrap-7015\" class=\"aio-icon-box top-icon\" style=\"\"  ><div class=\"aio-icon-top\"><div class=\"ult-just-icon-wrapper  \"><div class=\"align-icon\" style=\"text-align:center;\">\n<div class=\"aio-icon-img \" style=\"font-size:64px;display:inline-block;\" >\n\t<img class=\"img-icon\" alt=\"null\" src=\"https:\/\/universeproduction.com\/wp-content\/uploads\/2021\/04\/wszystko_dach-1.svg\"\/>\n<\/div><\/div><\/div><\/div><div class=\"aio-icon-header\" ><h3 class=\"aio-icon-title ult-responsive\"  data-ultimate-target='#Info-box-wrap-7015 .aio-icon-title'  data-responsive-json-new='{\"font-size\":\"desktop:16px;\",\"line-height\":\"desktop:22px;\"}'  style=\"font-family:&#039;Open Sans&#039;;font-weight:bold;\">EVERYTHING UNDER ONE ROOF<\/h3><\/div> <!-- header --><div class=\"aio-icon-description ult-responsive\"  data-ultimate-target='#Info-box-wrap-7015 .aio-icon-description'  data-responsive-json-new='{\"font-size\":\"desktop:14px;\",\"line-height\":\"desktop:19px;\"}'  style=\"font-family:&#039;Open Sans&#039;;\">Clothing warehouse, sewing room,<br \/>\nhuge production hall of decorations<br \/>\n(screen printing, embroidery, etc.).<\/div> <!-- description --><\/div> <!-- aio-icon-box --><\/div> <!-- aio-icon-component -->[\/vc_column_inner][vc_column_inner width=&#8220;1\/2&#8243; offset=&#8220;vc_col-lg-3 vc_col-md-3 vc_col-xs-12&#8243;]<div class=\"aio-icon-component    style_3\"><div id=\"Info-box-wrap-1299\" class=\"aio-icon-box top-icon\" style=\"\"  ><div class=\"aio-icon-top\"><div class=\"ult-just-icon-wrapper  \"><div class=\"align-icon\" style=\"text-align:center;\">\n<div class=\"aio-icon-img \" style=\"font-size:62px;display:inline-block;\" >\n\t<img class=\"img-icon\" alt=\"null\" src=\"https:\/\/universeproduction.com\/wp-content\/uploads\/2021\/04\/szycie-2.svg\"\/>\n<\/div><\/div><\/div><\/div><div class=\"aio-icon-header\" ><h3 class=\"aio-icon-title ult-responsive\"  data-ultimate-target='#Info-box-wrap-1299 .aio-icon-title'  data-responsive-json-new='{\"font-size\":\"desktop:16px;\",\"line-height\":\"desktop:22px;\"}'  style=\"font-family:&#039;Open Sans&#039;;font-weight:bold;\">MADE TO MEASURE OFFER<\/h3><\/div> <!-- header --><div class=\"aio-icon-description ult-responsive\"  data-ultimate-target='#Info-box-wrap-1299 .aio-icon-description'  data-responsive-json-new='{\"font-size\":\"desktop:14px;\",\"line-height\":\"desktop:19px;\"}'  style=\"font-family:&#039;Open Sans&#039;;\">Qualified team advisors,<br \/>\nwide access to products and services,<br \/>\nwe choose relevant technologies and solutions.<\/div> <!-- description --><\/div> <!-- aio-icon-box --><\/div> <!-- aio-icon-component -->[\/vc_column_inner][vc_column_inner width=&#8220;1\/2&#8243; offset=&#8220;vc_col-lg-3 vc_col-md-3 vc_col-xs-12&#8243;]<div class=\"aio-icon-component    style_3\"><div id=\"Info-box-wrap-4382\" class=\"aio-icon-box top-icon\" style=\"\"  ><div class=\"aio-icon-top\"><div class=\"ult-just-icon-wrapper  \"><div class=\"align-icon\" style=\"text-align:center;\">\n<div class=\"aio-icon-img \" style=\"font-size:48px;display:inline-block;\" >\n\t<img class=\"img-icon\" alt=\"null\" src=\"https:\/\/universeproduction.com\/wp-content\/uploads\/2021\/04\/produkt_najwazniejszy-1.svg\"\/>\n<\/div><\/div><\/div><\/div><div class=\"aio-icon-header\" ><h3 class=\"aio-icon-title ult-responsive\"  data-ultimate-target='#Info-box-wrap-4382 .aio-icon-title'  data-responsive-json-new='{\"font-size\":\"desktop:16px;\",\"line-height\":\"desktop:22px;\"}'  style=\"font-family:&#039;Open Sans&#039;;font-weight:bold;\">YOUR PRODUCT IS THE MOST IMPORTANT FOR US<\/h3><\/div> <!-- header --><div class=\"aio-icon-description ult-responsive\"  data-ultimate-target='#Info-box-wrap-4382 .aio-icon-description'  data-responsive-json-new='{\"font-size\":\"desktop:14px;\",\"line-height\":\"desktop:19px;\"}'  style=\"font-family:&#039;Open Sans&#039;;\">We will take care of the highest quality,<br \/>\npunctuality and originality.<\/div> <!-- description --><\/div> <!-- aio-icon-box --><\/div> <!-- aio-icon-component -->[\/vc_column_inner][vc_column_inner width=&#8220;1\/2&#8243; offset=&#8220;vc_col-lg-3 vc_col-md-3 vc_col-xs-12&#8243;]<div class=\"aio-icon-component    style_3\"><div id=\"Info-box-wrap-7654\" class=\"aio-icon-box top-icon\" style=\"\"  ><div class=\"aio-icon-top\"><div class=\"ult-just-icon-wrapper  \"><div class=\"align-icon\" style=\"text-align:center;\">\n<div class=\"aio-icon-img \" style=\"font-size:64px;display:inline-block;\" >\n\t<img class=\"img-icon\" alt=\"null\" src=\"https:\/\/universeproduction.com\/wp-content\/uploads\/2021\/04\/producent-1.svg\"\/>\n<\/div><\/div><\/div><\/div><div class=\"aio-icon-header\" ><h3 class=\"aio-icon-title ult-responsive\"  data-ultimate-target='#Info-box-wrap-7654 .aio-icon-title'  data-responsive-json-new='{\"font-size\":\"desktop:16px;\",\"line-height\":\"desktop:22px;\"}'  style=\"font-family:&#039;Open Sans&#039;;font-weight:bold;\">WE ARE A MANUFACTURER<\/h3><\/div> <!-- header --><div class=\"aio-icon-description ult-responsive\"  data-ultimate-target='#Info-box-wrap-7654 .aio-icon-description'  data-responsive-json-new='{\"font-size\":\"desktop:14px;\",\"line-height\":\"desktop:19px;\"}'  style=\"font-family:&#039;Open Sans&#039;;\"><\/p>\n<p id=\"tw-target-text\" class=\"tw-data-text tw-text-large tw-ta\" dir=\"ltr\" data-placeholder=\"T\u0142umaczenie\"><span class=\"Y2IQFc\" lang=\"en\">When ordering from us, you can be sure that the service will be provided by the manufacturer and not an intermediary. We guarantee low prices and fast delivery times.<\/span><\/p>\n<p><\/div> <!-- description --><\/div> <!-- aio-icon-box --><\/div> <!-- aio-icon-component -->[\/vc_column_inner][\/vc_row_inner][\/vc_column][\/vc_row]<\/p>\n","protected":false},"excerpt":{"rendered":"<p>[vc_row css=&#8220;.vc_custom_1617972293199{margin-top: 40px !important;margin-bottom: 40px !important;}&#8220;][vc_column width=&#8220;1\/5&#8243; offset=&#8220;vc_col-lg-4&#8243;][vc_single_image image=&#8220;2594&#8243; img_size=&#8220;full&#8220; css=&#8220;.vc_custom_1619093119650{margin-bottom: 0px !important;border-bottom-width: 0px !important;padding-bottom: 0px !important;}&#8220; parallax_scroll=&#8220;no&#8220;][vc_wp_custommenu nav_menu=&#8220;185&#8243;][vc_single_image image=&#8220;2593&#8243; img_size=&#8220;96&#215;96&#8243; parallax_scroll=&#8220;no&#8220;][\/vc_column][vc_column width=&#8220;4\/5&#8243; offset=&#8220;vc_col-lg-8&#8243;][vc_row_inner][vc_column_inner el_class=&#8220;product-details-img&#8220; width=&#8220;1\/3&#8243;][vc_single_image image=&#8220;1238976&#8243; img_size=&#8220;full&#8220; alignment=&#8220;center&#8220; onclick=&#8220;custom_link&#8220; link=&#8220;https:\/\/universeproduction.com\/de\/elastane-beanie-hat-cb01\/&#8220; label=&#8220;&#8220;][vc_column_text el_class=&#8220;.product-details-img-text&#8220;]Elastane Beanie Hat CB0 Sewn Clothes[\/vc_column_text][\/vc_column_inner][vc_column_inner el_class=&#8220;product-details-img&#8220; width=&#8220;1\/3&#8243;][\/vc_column_inner][vc_column_inner el_class=&#8220;product-details-img&#8220; width=&#8220;1\/3&#8243;][\/vc_column_inner][\/vc_row_inner][\/vc_column][\/vc_row][vc_row full_width=&#8220;stretch_row&#8220; wrap_container=&#8220;yes&#8220;][vc_column css=&#8220;.vc_custom_1617871795680{margin-top: 20px !important;}&#8220;][vc_row_inner gap=&#8220;35&#8243;][vc_column_inner width=&#8220;1\/3&#8243;][vc_column_text css=&#8220;.vc_custom_1619093190219{margin-top: 0px !important;margin-bottom: 0px !important;border-top-width: 0px [&hellip;]<\/p>\n","protected":false},"author":1,"featured_media":0,"parent":0,"menu_order":0,"comment_status":"closed","ping_status":"closed","template":"","meta":[],"_links":{"self":[{"href":"https:\/\/universeproduction.com\/de\/wp-json\/wp\/v2\/pages\/1240764"}],"collection":[{"href":"https:\/\/universeproduction.com\/de\/wp-json\/wp\/v2\/pages"}],"about":[{"href":"https:\/\/universeproduction.com\/de\/wp-json\/wp\/v2\/types\/page"}],"author":[{"embeddable":true,"href":"https:\/\/universeproduction.com\/de\/wp-json\/wp\/v2\/users\/1"}],"replies":[{"embeddable":true,"href":"https:\/\/universeproduction.com\/de\/wp-json\/wp\/v2\/comments?post=1240764"}],"version-history":[{"count":4,"href":"https:\/\/universeproduction.com\/de\/wp-json\/wp\/v2\/pages\/1240764\/revisions"}],"predecessor-version":[{"id":1240773,"href":"https:\/\/universeproduction.com\/de\/wp-json\/wp\/v2\/pages\/1240764\/revisions\/1240773"}],"wp:attachment":[{"href":"https:\/\/universeproduction.com\/de\/wp-json\/wp\/v2\/media?parent=1240764"}],"curies":[{"name":"wp","href":"https:\/\/api.w.org\/{rel}","templated":true}]}}